{"id":913,"date":"2019-11-03T10:53:35","date_gmt":"2019-11-03T10:53:35","guid":{"rendered":"http:\/\/www.peililampi.fi\/?post_type=product&#038;p=913"},"modified":"2025-12-09T15:05:47","modified_gmt":"2025-12-09T13:05:47","slug":"turve-shampoopala-100g","status":"publish","type":"product","link":"https:\/\/www.peililampi.fi\/index.php\/tuote\/turve-shampoopala-100g\/","title":{"rendered":"Turve Shampoopala 100g"},"content":{"rendered":"<p>INCI: Oliivi\u00f6ljy, Kookos\u00f6ljy, Risiini\u00f6ljy, Hamppu\u00f6ljy, Luomu Sheavoi, Aqua \/ Olut, Turve, Kaura\u00f6ljy, Himalajan Ruususuola, Natriumlaktaatti<\/p>\n","protected":false},"excerpt":{"rendered":"<p class=\"\"><strong>Kuiville hiuksille, herk\u00e4lle, kutiavalle ja hilseilev\u00e4lle hiuspohjalle. <\/strong>Sis\u00e4lt\u00e4\u00e4 laadukkaita hiuksia ja hiuspohjaa hoitavia \u00f6ljyj\u00e4: oliivi\u00f6ljy\u00e4, kookos\u00f6ljy\u00e4, risiini\u00f6ljy\u00e4, hamppu\u00f6ljy\u00e4 ja hoitavaa kaura\u00f6ljy\u00e4 sek\u00e4 Nilotica sheavoita. Shampoopala sis\u00e4lt\u00e4\u00e4 olutta, jolla on hiuksiin tuuheuttava ja taipuisuutta lis\u00e4\u00e4v\u00e4 vaikutus. Turve on valikoimamme hoitavin shampoopala. Ei sis\u00e4ll\u00e4 lis\u00e4ttyj\u00e4 tuoksuja. Kun alat k\u00e4ytt\u00e4\u00e4 shampoopalaa niin anna hiuksillesi aikaa tottua luonnolliseen, kasvi\u00f6ljyj\u00e4 sis\u00e4lt\u00e4v\u00e4\u00e4n shampoopalaan. T\u00e4m\u00e4 saattaa kest\u00e4\u00e4 useita pesukertoja.<\/p>\n<p class=\"\">Soveltuu eritt\u00e4in kuiville hiuksille ja herk\u00e4lle, hilseilev\u00e4lle ja kutiavalle hiuspohjalle. Turve shampoopala soveltuu hyvin v\u00e4rj\u00e4tyille ja k\u00e4sitellyille hiuksille ja samalla my\u00f6s luonnonkiharoille hiuksille sen sis\u00e4lt\u00e4m\u00e4n LehtoPeat\u00ae hiushoitoturpeen ansiosta, joka samalla hoitaa hiuksia vahvistaen niiden v\u00e4ri\u00e4 ja tasapainottaen hiuspohjaa sek\u00e4 ehk\u00e4isten hilseen muodostumista. Turve Shampoopala on eritt\u00e4in hoitava ja soveltuu eritt\u00e4in herk\u00e4lle hiuspohjalle ja ehk\u00e4isee tehokkaasti hilseen muodostumista sen sis\u00e4lt\u00e4m\u00e4n kaura\u00f6ljyn ja LehtoPeat\u00ae hiushoitoturpeen ansiosta. Kaura\u00f6ljyn ja sheavoin ansiosta Turve shampoopala on my\u00f6s syv\u00e4kosteuttava ja rauhoittava hiuspohjalle. Pesutulos paranee entisest\u00e4\u00e4n mik\u00e4li vaahdottaa hiukset kaksi kertaa v\u00e4lihuuhtelulla ja j\u00e4lkimm\u00e4isell\u00e4 kerralla antaa shampoon j\u00e4\u00e4d\u00e4 vaikuttamaan hiuksiin ja lopuksi huuhtelee.<\/p>\n","protected":false},"featured_media":7044,"comment_status":"closed","ping_status":"closed","template":"","meta":{"_acf_changed":false,"om_disable_all_campaigns":false,"_monsterinsights_skip_tracking":false,"_monsterinsights_sitenote_active":false,"_monsterinsights_sitenote_note":"","_monsterinsights_sitenote_category":0,"_uf_show_specific_survey":0,"_uf_disable_surveys":false},"product_brand":[],"product_cat":[92,116],"product_tag":[93,168,33,96,98,32,62,99],"class_list":{"0":"post-913","1":"product","2":"type-product","3":"status-publish","4":"has-post-thumbnail","6":"product_cat-shampoo","7":"product_cat-turve","8":"product_tag-carita-cosmetiikka","9":"product_tag-catteco","10":"product_tag-hiuksille","11":"product_tag-hoitava","12":"product_tag-lehtopeat","13":"product_tag-palashampoo","14":"product_tag-tuoksuton","15":"product_tag-turve","18":"first","19":"instock","20":"taxable","21":"shipping-taxable","22":"purchasable","23":"product-type-simple"},"supplier_id":1177,"supplier_sku":"","atum_controlled":true,"out_stock_date":null,"out_stock_threshold":null,"inheritable":false,"inbound_stock":0,"stock_on_hold":0,"sold_today":0,"sales_last_days":0,"reserved_stock":0,"customer_returns":0,"warehouse_damage":0,"lost_in_post":0,"other_logs":0,"out_stock_days":0,"lost_sales":0,"has_location":false,"update_date":"2026-04-30T02:04:37","atum_locations":[],"atum_stock_status":"instock","restock_status":false,"low_stock_amount":"","sales_update_date":"2026-04-30T02:04:37","calc_backorders":0,"acf":[],"aioseo_notices":[],"_links":{"self":[{"href":"https:\/\/www.peililampi.fi\/index.php\/wp-json\/wp\/v2\/product\/913","targetHints":{"allow":["GET"]}}],"collection":[{"href":"https:\/\/www.peililampi.fi\/index.php\/wp-json\/wp\/v2\/product"}],"about":[{"href":"https:\/\/www.peililampi.fi\/index.php\/wp-json\/wp\/v2\/types\/product"}],"replies":[{"embeddable":true,"href":"https:\/\/www.peililampi.fi\/index.php\/wp-json\/wp\/v2\/comments?post=913"}],"version-history":[{"count":1,"href":"https:\/\/www.peililampi.fi\/index.php\/wp-json\/wp\/v2\/product\/913\/revisions"}],"predecessor-version":[{"id":7128,"href":"https:\/\/www.peililampi.fi\/index.php\/wp-json\/wp\/v2\/product\/913\/revisions\/7128"}],"wp:featuredmedia":[{"embeddable":true,"href":"https:\/\/www.peililampi.fi\/index.php\/wp-json\/wp\/v2\/media\/7044"}],"wp:attachment":[{"href":"https:\/\/www.peililampi.fi\/index.php\/wp-json\/wp\/v2\/media?parent=913"}],"wp:term":[{"taxonomy":"product_brand","embeddable":true,"href":"https:\/\/www.peililampi.fi\/index.php\/wp-json\/wp\/v2\/product_brand?post=913"},{"taxonomy":"product_cat","embeddable":true,"href":"https:\/\/www.peililampi.fi\/index.php\/wp-json\/wp\/v2\/product_cat?post=913"},{"taxonomy":"product_tag","embeddable":true,"href":"https:\/\/www.peililampi.fi\/index.php\/wp-json\/wp\/v2\/product_tag?post=913"}],"curies":[{"name":"wp","href":"https:\/\/api.w.org\/{rel}","templated":true}]}}