{"id":833,"date":"2019-11-01T12:34:45","date_gmt":"2019-11-01T10:34:45","guid":{"rendered":"http:\/\/www.peililampi.fi\/?post_type=product&#038;p=833"},"modified":"2026-02-01T12:15:42","modified_gmt":"2026-02-01T10:15:42","slug":"mehilaisvahahuulivoidepuikko-5g","status":"publish","type":"product","link":"https:\/\/www.peililampi.fi\/index.php\/tuote\/mehilaisvahahuulivoidepuikko-5g\/","title":{"rendered":"Mehil\u00e4isvahahuulivoide -puikko 5g"},"content":{"rendered":"<p>INCI: Mehil\u00e4isvaha, oliivi\u00f6ljy, propolis.<\/p>\n","protected":false},"excerpt":{"rendered":"<p>K\u00e4ytt\u00f6: Huulivoide rohtuneille huulille.<\/p>\n<p>Ei sis\u00e4ll\u00e4 haju-, v\u00e4ri- eik\u00e4 s\u00e4il\u00f6nt\u00e4aineita.<\/p>\n<p>&nbsp;<\/p>\n","protected":false},"featured_media":6989,"comment_status":"closed","ping_status":"closed","template":"","meta":{"_acf_changed":false,"om_disable_all_campaigns":false,"_monsterinsights_skip_tracking":false,"_monsterinsights_sitenote_active":false,"_monsterinsights_sitenote_note":"","_monsterinsights_sitenote_category":0,"_uf_show_specific_survey":0,"_uf_disable_surveys":false},"product_brand":[],"product_cat":[75,139],"product_tag":[70,76,46,66],"class_list":{"0":"post-833","1":"product","2":"type-product","3":"status-publish","4":"has-post-thumbnail","6":"product_cat-huulivoiteet","7":"product_cat-propolis","8":"product_tag-hunajalahde","9":"product_tag-huulivoide","10":"product_tag-mehilaisvaha","11":"product_tag-propolis","14":"first","15":"instock","16":"taxable","17":"shipping-taxable","18":"purchasable","19":"product-type-simple"},"supplier_id":1190,"supplier_sku":"","atum_controlled":true,"out_stock_date":null,"out_stock_threshold":null,"inheritable":false,"inbound_stock":0,"stock_on_hold":0,"sold_today":0,"sales_last_days":0,"reserved_stock":0,"customer_returns":0,"warehouse_damage":0,"lost_in_post":0,"other_logs":0,"out_stock_days":0,"lost_sales":0,"has_location":false,"update_date":"2026-04-20T01:16:42","atum_locations":[],"atum_stock_status":"instock","restock_status":false,"low_stock_amount":"","sales_update_date":"2026-04-20T01:16:42","calc_backorders":null,"acf":[],"aioseo_notices":[],"_links":{"self":[{"href":"https:\/\/www.peililampi.fi\/index.php\/wp-json\/wp\/v2\/product\/833","targetHints":{"allow":["GET"]}}],"collection":[{"href":"https:\/\/www.peililampi.fi\/index.php\/wp-json\/wp\/v2\/product"}],"about":[{"href":"https:\/\/www.peililampi.fi\/index.php\/wp-json\/wp\/v2\/types\/product"}],"replies":[{"embeddable":true,"href":"https:\/\/www.peililampi.fi\/index.php\/wp-json\/wp\/v2\/comments?post=833"}],"version-history":[{"count":2,"href":"https:\/\/www.peililampi.fi\/index.php\/wp-json\/wp\/v2\/product\/833\/revisions"}],"predecessor-version":[{"id":7194,"href":"https:\/\/www.peililampi.fi\/index.php\/wp-json\/wp\/v2\/product\/833\/revisions\/7194"}],"wp:featuredmedia":[{"embeddable":true,"href":"https:\/\/www.peililampi.fi\/index.php\/wp-json\/wp\/v2\/media\/6989"}],"wp:attachment":[{"href":"https:\/\/www.peililampi.fi\/index.php\/wp-json\/wp\/v2\/media?parent=833"}],"wp:term":[{"taxonomy":"product_brand","embeddable":true,"href":"https:\/\/www.peililampi.fi\/index.php\/wp-json\/wp\/v2\/product_brand?post=833"},{"taxonomy":"product_cat","embeddable":true,"href":"https:\/\/www.peililampi.fi\/index.php\/wp-json\/wp\/v2\/product_cat?post=833"},{"taxonomy":"product_tag","embeddable":true,"href":"https:\/\/www.peililampi.fi\/index.php\/wp-json\/wp\/v2\/product_tag?post=833"}],"curies":[{"name":"wp","href":"https:\/\/api.w.org\/{rel}","templated":true}]}}