{"id":828,"date":"2019-11-01T12:23:08","date_gmt":"2019-11-01T10:23:08","guid":{"rendered":"http:\/\/www.peililampi.fi\/?post_type=product&#038;p=828"},"modified":"2026-04-12T10:03:01","modified_gmt":"2026-04-12T07:03:01","slug":"mehilaisvaha-hoitovoide-140ml","status":"publish","type":"product","link":"https:\/\/www.peililampi.fi\/index.php\/tuote\/mehilaisvaha-hoitovoide-140ml\/","title":{"rendered":"Mehil\u00e4isvaha hoitovoide 140ml"},"content":{"rendered":"<p>INCI: Mehil\u00e4isvaha, rypsi\u00f6ljy ja propolis.<\/p>\n","protected":false},"excerpt":{"rendered":"<p>K\u00e4ytt\u00f6 yleisvoiteena kuivalle ja kutiavalle iholle, my\u00f6s kasvoille. sek\u00e4 erilaisiin iho-ongelmiin, esim. halkeilevalle iholle (sormet, kantap\u00e4\u00e4t, suupielet). Koirille tassurasvaksi ja est\u00e4m\u00e4\u00e4n lumen paakkuuntumista tassuv\u00e4leihin.<\/p>\n<p>Ei lis\u00e4ttyj\u00e4 tuoksu-, v\u00e4ri- eik\u00e4 s\u00e4il\u00f6nt\u00e4aineita.<\/p>\n<p>Propolis on mehil\u00e4isten valmistamaa kittivahaa. Sen raaka-aineina ovat koivun, kuusen, pajun ja m\u00e4nnyn silmujen eritt\u00e4m\u00e4t tuoksuvat ja pihkamaiset, hartsimaiset aineet. Propoliksen teho perustuu mm. sen sis\u00e4lt\u00e4miin flavonoideihin, jotka toimivat antioksidantteina. Propolis tuo helpotusta kurkkukipuun, vastustuskyky vahvistuu, suolisto voi paremmin ja se voi vaikuttaa suotuisasti my\u00f6s hengityselinten terveyteen. Se stimuloi solujen ja kudosten kasvua ja voi n\u00e4in nopeuttaa haavojen paranemista. Propoliksessa on jopa 300 kemiallista ainetta, mm. balsamia, hartsia, terpeenej\u00e4, vahaa, rasvahappoja, siitep\u00f6ly\u00e4, aminohappoja, flavonoideja ja glukosidej\u00e4. Mehil\u00e4ispes\u00e4ss\u00e4 propolis pit\u00e4\u00e4 haitalliset bakteerit pes\u00e4st\u00e4 loitolla.<\/p>\n","protected":false},"featured_media":6988,"comment_status":"closed","ping_status":"closed","template":"","meta":{"_acf_changed":false,"om_disable_all_campaigns":false,"_monsterinsights_skip_tracking":false,"_monsterinsights_sitenote_active":false,"_monsterinsights_sitenote_note":"","_monsterinsights_sitenote_category":0,"_uf_show_specific_survey":0,"_uf_disable_surveys":false},"product_brand":[],"product_cat":[129,139,50],"product_tag":[49,70,74,61,46,66,35],"class_list":{"0":"post-828","1":"product","2":"type-product","3":"status-publish","4":"has-post-thumbnail","6":"product_cat-elaimille","7":"product_cat-propolis","8":"product_cat-voiteet","9":"product_tag-herkalle-iholle","10":"product_tag-hunajalahde","11":"product_tag-koirille","12":"product_tag-luonnollinen","13":"product_tag-mehilaisvaha","14":"product_tag-propolis","15":"product_tag-voide","18":"first","19":"instock","20":"taxable","21":"shipping-taxable","22":"purchasable","23":"product-type-simple"},"supplier_id":1190,"supplier_sku":"","atum_controlled":true,"out_stock_date":null,"out_stock_threshold":null,"inheritable":false,"inbound_stock":0,"stock_on_hold":0,"sold_today":0,"sales_last_days":0,"reserved_stock":0,"customer_returns":0,"warehouse_damage":0,"lost_in_post":0,"other_logs":0,"out_stock_days":0,"lost_sales":0,"has_location":false,"update_date":"2026-04-30T02:04:37","atum_locations":[],"atum_stock_status":"instock","restock_status":false,"low_stock_amount":"","sales_update_date":"2026-04-30T02:04:37","calc_backorders":0,"acf":[],"aioseo_notices":[],"_links":{"self":[{"href":"https:\/\/www.peililampi.fi\/index.php\/wp-json\/wp\/v2\/product\/828","targetHints":{"allow":["GET"]}}],"collection":[{"href":"https:\/\/www.peililampi.fi\/index.php\/wp-json\/wp\/v2\/product"}],"about":[{"href":"https:\/\/www.peililampi.fi\/index.php\/wp-json\/wp\/v2\/types\/product"}],"replies":[{"embeddable":true,"href":"https:\/\/www.peililampi.fi\/index.php\/wp-json\/wp\/v2\/comments?post=828"}],"version-history":[{"count":2,"href":"https:\/\/www.peililampi.fi\/index.php\/wp-json\/wp\/v2\/product\/828\/revisions"}],"predecessor-version":[{"id":7138,"href":"https:\/\/www.peililampi.fi\/index.php\/wp-json\/wp\/v2\/product\/828\/revisions\/7138"}],"wp:featuredmedia":[{"embeddable":true,"href":"https:\/\/www.peililampi.fi\/index.php\/wp-json\/wp\/v2\/media\/6988"}],"wp:attachment":[{"href":"https:\/\/www.peililampi.fi\/index.php\/wp-json\/wp\/v2\/media?parent=828"}],"wp:term":[{"taxonomy":"product_brand","embeddable":true,"href":"https:\/\/www.peililampi.fi\/index.php\/wp-json\/wp\/v2\/product_brand?post=828"},{"taxonomy":"product_cat","embeddable":true,"href":"https:\/\/www.peililampi.fi\/index.php\/wp-json\/wp\/v2\/product_cat?post=828"},{"taxonomy":"product_tag","embeddable":true,"href":"https:\/\/www.peililampi.fi\/index.php\/wp-json\/wp\/v2\/product_tag?post=828"}],"curies":[{"name":"wp","href":"https:\/\/api.w.org\/{rel}","templated":true}]}}