{"id":6279,"date":"2020-12-02T18:20:08","date_gmt":"2020-12-02T16:20:08","guid":{"rendered":"https:\/\/www.peililampi.fi\/?post_type=product&#038;p=6279"},"modified":"2025-04-16T12:27:19","modified_gmt":"2025-04-16T09:27:19","slug":"tervaukon-ihooljy-50ml","status":"publish","type":"product","link":"https:\/\/www.peililampi.fi\/index.php\/tuote\/tervaukon-ihooljy-50ml\/","title":{"rendered":"Tervaukon iho\u00f6ljy 50ml"},"content":{"rendered":"<p>INCI: rypsi\u00f6ljy, terva, piki\u00f6ljy.<\/p>\n","protected":false},"excerpt":{"rendered":"<p>Tervaukon iho\u00f6ljy tippapullossa. Luonnollinen hyttys- ja itikkakarkote, joka my\u00f6s hoitaa hy\u00f6nteisten puremia ja lievitt\u00e4\u00e4 kutinaa. Sopii my\u00f6s rohtumiin, hilseilyyn, kovettumiin ja ihottumiin.<\/p>\n<p>K\u00e4ytt\u00f6: ihmisille ja el\u00e4imille, saattaa v\u00e4rj\u00e4t\u00e4 vaaleita vaatteita.<\/p>\n","protected":false},"featured_media":7040,"comment_status":"closed","ping_status":"closed","template":"","meta":{"_acf_changed":false,"om_disable_all_campaigns":false,"_monsterinsights_skip_tracking":false,"_monsterinsights_sitenote_active":false,"_monsterinsights_sitenote_note":"","_monsterinsights_sitenote_category":0,"_uf_show_specific_survey":0,"_uf_disable_surveys":false},"product_brand":[],"product_cat":[129,15,138],"product_tag":[134,133,132,54],"class_list":{"0":"post-6279","1":"product","2":"type-product","3":"status-publish","4":"has-post-thumbnail","6":"product_cat-elaimille","7":"product_cat-pikioljy","8":"product_cat-terva","9":"product_tag-hyonteiskarkote","10":"product_tag-kietavainen","11":"product_tag-pikioljy","12":"product_tag-terva","15":"first","16":"instock","17":"taxable","18":"shipping-taxable","19":"purchasable","20":"product-type-simple"},"supplier_id":1197,"supplier_sku":"","atum_controlled":true,"out_stock_date":null,"out_stock_threshold":null,"inheritable":false,"inbound_stock":0,"stock_on_hold":0,"sold_today":0,"sales_last_days":0,"reserved_stock":0,"customer_returns":0,"warehouse_damage":0,"lost_in_post":0,"other_logs":0,"out_stock_days":0,"lost_sales":0,"has_location":false,"update_date":"2026-04-20T01:16:42","atum_locations":[],"atum_stock_status":"instock","restock_status":false,"low_stock_amount":"","sales_update_date":"2026-04-20T01:16:42","calc_backorders":0,"acf":[],"aioseo_notices":[],"_links":{"self":[{"href":"https:\/\/www.peililampi.fi\/index.php\/wp-json\/wp\/v2\/product\/6279","targetHints":{"allow":["GET"]}}],"collection":[{"href":"https:\/\/www.peililampi.fi\/index.php\/wp-json\/wp\/v2\/product"}],"about":[{"href":"https:\/\/www.peililampi.fi\/index.php\/wp-json\/wp\/v2\/types\/product"}],"replies":[{"embeddable":true,"href":"https:\/\/www.peililampi.fi\/index.php\/wp-json\/wp\/v2\/comments?post=6279"}],"version-history":[{"count":1,"href":"https:\/\/www.peililampi.fi\/index.php\/wp-json\/wp\/v2\/product\/6279\/revisions"}],"predecessor-version":[{"id":7082,"href":"https:\/\/www.peililampi.fi\/index.php\/wp-json\/wp\/v2\/product\/6279\/revisions\/7082"}],"wp:featuredmedia":[{"embeddable":true,"href":"https:\/\/www.peililampi.fi\/index.php\/wp-json\/wp\/v2\/media\/7040"}],"wp:attachment":[{"href":"https:\/\/www.peililampi.fi\/index.php\/wp-json\/wp\/v2\/media?parent=6279"}],"wp:term":[{"taxonomy":"product_brand","embeddable":true,"href":"https:\/\/www.peililampi.fi\/index.php\/wp-json\/wp\/v2\/product_brand?post=6279"},{"taxonomy":"product_cat","embeddable":true,"href":"https:\/\/www.peililampi.fi\/index.php\/wp-json\/wp\/v2\/product_cat?post=6279"},{"taxonomy":"product_tag","embeddable":true,"href":"https:\/\/www.peililampi.fi\/index.php\/wp-json\/wp\/v2\/product_tag?post=6279"}],"curies":[{"name":"wp","href":"https:\/\/api.w.org\/{rel}","templated":true}]}}