{"id":6261,"date":"2020-11-30T19:04:44","date_gmt":"2020-11-30T17:04:44","guid":{"rendered":"https:\/\/www.peililampi.fi\/?post_type=product&#038;p=6261"},"modified":"2026-03-16T18:35:09","modified_gmt":"2026-03-16T16:35:09","slug":"nokkosen-ihme-saippua","status":"publish","type":"product","link":"https:\/\/www.peililampi.fi\/index.php\/tuote\/nokkosen-ihme-saippua\/","title":{"rendered":"Nokkosen Ihme -saippua"},"content":{"rendered":"<p>INCI: rypsi\u00f6ljy*, aprikoosinsiemen\u00f6ljy, nokkostee*, lipe\u00e4, risiini\u00f6ljy, mehil\u00e4isvaha*, nokkosenlehdet* ja rosmariini\u00f6ljyt<\/p>\n<p>*Suomalainen raaka-aine<\/p>\n","protected":false},"excerpt":{"rendered":"<p>Nokkoset ovat t\u00e4ynn\u00e4 mineraaleja, flavonoideja ja rautaa. Nokkosen tiedet\u00e4\u00e4n alentavan verensokeria, helpottavan reumatismikipuja, olevan antiseptinen, parantavan pintaverenkiertoa ja jopa helpottavan ihottumia. T\u00e4m\u00e4 saippua sis\u00e4lt\u00e4\u00e4 paljon nokkosta ja eteerist\u00e4 rosmariini\u00f6ljy\u00e4, joka lis\u00e4\u00e4 antiseptist\u00e4 vaikutusta. Rosmariinin eteerisell\u00e4 \u00f6ljyll\u00e4 on my\u00f6s antioksidanttisia ominaisuuksia.<\/p>\n<p>Sopii ihottumaan taipuvaiselle iholle. Sis\u00e4lt\u00e4\u00e4 my\u00f6s v\u00e4h\u00e4n mehil\u00e4isvahaa. Saippua on vihre\u00e4 ja siin\u00e4 on vihreit\u00e4 pilkkuja.<\/p>\n<p>&nbsp;<\/p>\n","protected":false},"featured_media":6998,"comment_status":"open","ping_status":"closed","template":"","meta":{"_acf_changed":false,"om_disable_all_campaigns":false,"_monsterinsights_skip_tracking":false,"_monsterinsights_sitenote_active":false,"_monsterinsights_sitenote_note":"","_monsterinsights_sitenote_category":0,"_uf_show_specific_survey":0,"_uf_disable_surveys":false},"product_brand":[],"product_cat":[20,92],"product_tag":[33,46,97,183,32,204,180,100,29,34],"class_list":{"0":"post-6261","1":"product","2":"type-product","3":"status-publish","4":"has-post-thumbnail","6":"product_cat-saippuat","7":"product_cat-shampoo","8":"product_tag-hiuksille","9":"product_tag-mehilaisvaha","10":"product_tag-nokkonen","11":"product_tag-palasaippua","12":"product_tag-palashampoo","13":"product_tag-rosmariini","14":"product_tag-shampoopala","15":"product_tag-shampoopohjainen","16":"product_tag-sola","17":"product_tag-vartalolle","20":"first","21":"instock","22":"taxable","23":"shipping-taxable","24":"purchasable","25":"product-type-simple"},"supplier_id":522,"supplier_sku":"","atum_controlled":true,"out_stock_date":null,"out_stock_threshold":null,"inheritable":false,"inbound_stock":0,"stock_on_hold":0,"sold_today":0,"sales_last_days":0,"reserved_stock":0,"customer_returns":0,"warehouse_damage":0,"lost_in_post":0,"other_logs":0,"out_stock_days":0,"lost_sales":0,"has_location":false,"update_date":"2026-04-24T01:37:01","atum_locations":[],"atum_stock_status":"instock","restock_status":false,"low_stock_amount":"","sales_update_date":"2026-04-24T01:37:01","calc_backorders":null,"acf":[],"aioseo_notices":[],"_links":{"self":[{"href":"https:\/\/www.peililampi.fi\/index.php\/wp-json\/wp\/v2\/product\/6261","targetHints":{"allow":["GET"]}}],"collection":[{"href":"https:\/\/www.peililampi.fi\/index.php\/wp-json\/wp\/v2\/product"}],"about":[{"href":"https:\/\/www.peililampi.fi\/index.php\/wp-json\/wp\/v2\/types\/product"}],"replies":[{"embeddable":true,"href":"https:\/\/www.peililampi.fi\/index.php\/wp-json\/wp\/v2\/comments?post=6261"}],"version-history":[{"count":1,"href":"https:\/\/www.peililampi.fi\/index.php\/wp-json\/wp\/v2\/product\/6261\/revisions"}],"predecessor-version":[{"id":7080,"href":"https:\/\/www.peililampi.fi\/index.php\/wp-json\/wp\/v2\/product\/6261\/revisions\/7080"}],"wp:featuredmedia":[{"embeddable":true,"href":"https:\/\/www.peililampi.fi\/index.php\/wp-json\/wp\/v2\/media\/6998"}],"wp:attachment":[{"href":"https:\/\/www.peililampi.fi\/index.php\/wp-json\/wp\/v2\/media?parent=6261"}],"wp:term":[{"taxonomy":"product_brand","embeddable":true,"href":"https:\/\/www.peililampi.fi\/index.php\/wp-json\/wp\/v2\/product_brand?post=6261"},{"taxonomy":"product_cat","embeddable":true,"href":"https:\/\/www.peililampi.fi\/index.php\/wp-json\/wp\/v2\/product_cat?post=6261"},{"taxonomy":"product_tag","embeddable":true,"href":"https:\/\/www.peililampi.fi\/index.php\/wp-json\/wp\/v2\/product_tag?post=6261"}],"curies":[{"name":"wp","href":"https:\/\/api.w.org\/{rel}","templated":true}]}}