{"id":6170,"date":"2020-10-21T16:38:07","date_gmt":"2020-10-21T13:38:07","guid":{"rendered":"https:\/\/www.peililampi.fi\/?post_type=product&#038;p=6170"},"modified":"2026-02-25T10:42:08","modified_gmt":"2026-02-25T08:42:08","slug":"yrttihiushuuhde-250ml","status":"publish","type":"product","link":"https:\/\/www.peililampi.fi\/index.php\/tuote\/yrttihiushuuhde-250ml\/","title":{"rendered":"Yrttihiushuuhde 250ml"},"content":{"rendered":"<p>INCI: acetum\u00a0<em>(v\u00e4kiviinaetikka),\u00a0<\/em>aqua\u00a0<em>(vesi)<\/em>,\u00a0rosa gallica\u00a0<em>(ruusu),\u00a0<\/em>lavandula angustifolia\u00a0<em>(laventeli),\u00a0<\/em>rosmarinus officinalis\u00a0<em>(rosmariini),\u00a0<\/em>mentha<em>(minttu)<\/em><\/p>\n","protected":false},"excerpt":{"rendered":"<p>Hiushuuhdetta k\u00e4ytet\u00e4\u00e4n hoitoaineena etenkin palashampoolla pestess\u00e4. Hiushuuhde on 5% etikkaa, johon on uutettu yrttej\u00e4: laventelia, ruusua, rosmariinia ja minttua. Ruusu &amp; Rosmariinin hiushuuhteissa k\u00e4ytet\u00e4\u00e4n luonnollisella k\u00e4ymismenetelm\u00e4ll\u00e4 valmistettua v\u00e4kiviinaetikkaa. Hiushuuhde poistaa hiuksista mahdolliset saippuaj\u00e4\u00e4m\u00e4t, neutraloi p\u00e4\u00e4nahan ja sulkee hiussuomun pident\u00e4en n\u00e4in pesuv\u00e4li\u00e4. Hiushuuhde ehk\u00e4isee my\u00f6s hiusten s\u00e4hk\u00f6isyytt\u00e4 ja tekee niist\u00e4 helposti kammattavat. Hiushuuhteella voi huuhdella hiuksia my\u00f6s pesujen v\u00e4lip\u00e4ivin\u00e4 ja n\u00e4in pident\u00e4\u00e4 hiusten pesuv\u00e4li\u00e4.<\/p>\n<p>K\u00e4ytt\u00f6ohje: Sekoita 200 ml vett\u00e4 ja noin 10 ml hiushuuhdetta, kaada hiuksiin. Voit halutessasi huuhdella viel\u00e4 vedell\u00e4. Hiushuuhde ei j\u00e4t\u00e4 hiuksiin etikan hajua vaan hiukset tuntuvat huuhtelun j\u00e4lkeen ihanan puhtailta.<\/p>\n","protected":false},"featured_media":6737,"comment_status":"open","ping_status":"closed","template":"","meta":{"_acf_changed":false,"om_disable_all_campaigns":false,"_monsterinsights_skip_tracking":false,"_monsterinsights_sitenote_active":false,"_monsterinsights_sitenote_note":"","_monsterinsights_sitenote_category":0,"_uf_show_specific_survey":0,"_uf_disable_surveys":false},"product_brand":[],"product_cat":[200],"product_tag":[201,88,205,204,203,202,206],"class_list":{"0":"post-6170","1":"product","2":"type-product","3":"status-publish","4":"has-post-thumbnail","6":"product_cat-hiushuuhteet","7":"product_tag-hiushuuhde","8":"product_tag-laventeli","9":"product_tag-minttu","10":"product_tag-rosmariini","11":"product_tag-ruusu","12":"product_tag-ruusu-rosmariini","13":"product_tag-yrtti","16":"first","17":"outofstock","18":"taxable","19":"shipping-taxable","20":"purchasable","21":"product-type-simple"},"supplier_id":6168,"supplier_sku":"","atum_controlled":true,"out_stock_date":"2026-02-25 10:42:08","out_stock_threshold":null,"inheritable":false,"inbound_stock":0,"stock_on_hold":0,"sold_today":0,"sales_last_days":0,"reserved_stock":1,"customer_returns":0,"warehouse_damage":0,"lost_in_post":0,"other_logs":0,"out_stock_days":53,"lost_sales":0,"has_location":false,"update_date":"2026-04-20T01:16:42","atum_locations":[],"atum_stock_status":"outofstock","restock_status":false,"low_stock_amount":"","sales_update_date":"2026-04-20T01:16:42","calc_backorders":null,"acf":[],"aioseo_notices":[],"_links":{"self":[{"href":"https:\/\/www.peililampi.fi\/index.php\/wp-json\/wp\/v2\/product\/6170","targetHints":{"allow":["GET"]}}],"collection":[{"href":"https:\/\/www.peililampi.fi\/index.php\/wp-json\/wp\/v2\/product"}],"about":[{"href":"https:\/\/www.peililampi.fi\/index.php\/wp-json\/wp\/v2\/types\/product"}],"replies":[{"embeddable":true,"href":"https:\/\/www.peililampi.fi\/index.php\/wp-json\/wp\/v2\/comments?post=6170"}],"version-history":[{"count":2,"href":"https:\/\/www.peililampi.fi\/index.php\/wp-json\/wp\/v2\/product\/6170\/revisions"}],"predecessor-version":[{"id":7259,"href":"https:\/\/www.peililampi.fi\/index.php\/wp-json\/wp\/v2\/product\/6170\/revisions\/7259"}],"wp:featuredmedia":[{"embeddable":true,"href":"https:\/\/www.peililampi.fi\/index.php\/wp-json\/wp\/v2\/media\/6737"}],"wp:attachment":[{"href":"https:\/\/www.peililampi.fi\/index.php\/wp-json\/wp\/v2\/media?parent=6170"}],"wp:term":[{"taxonomy":"product_brand","embeddable":true,"href":"https:\/\/www.peililampi.fi\/index.php\/wp-json\/wp\/v2\/product_brand?post=6170"},{"taxonomy":"product_cat","embeddable":true,"href":"https:\/\/www.peililampi.fi\/index.php\/wp-json\/wp\/v2\/product_cat?post=6170"},{"taxonomy":"product_tag","embeddable":true,"href":"https:\/\/www.peililampi.fi\/index.php\/wp-json\/wp\/v2\/product_tag?post=6170"}],"curies":[{"name":"wp","href":"https:\/\/api.w.org\/{rel}","templated":true}]}}