{"id":6111,"date":"2020-09-17T16:54:04","date_gmt":"2020-09-17T13:54:04","guid":{"rendered":"https:\/\/www.peililampi.fi\/?post_type=product&#038;p=6111"},"modified":"2025-09-23T09:31:14","modified_gmt":"2025-09-23T06:31:14","slug":"sade-hoitoainepala-60g","status":"publish","type":"product","link":"https:\/\/www.peililampi.fi\/index.php\/tuote\/sade-hoitoainepala-60g\/","title":{"rendered":"Sade Hoitoainepala 60g"},"content":{"rendered":"<p>INCI: Cetearyl Alcohol*, Behentriomonium Methosulfate (BTMS)**, Theobroma Cacao Butter (Kaakaovoi), Carcinia Indica Seed Butter (Kokumvoi), Argania Spinosa Kernel Oil (Argan\u00f6ljy), Hippophae Rhamnoides Seed Oil (Tyrni\u00f6ljy), Simmondsia Chinesis Seed Oil (Luomu Jojoba\u00f6ljy)<\/p>\n<p>*ekologinen emulgaattori **kasvipohjainen emulgointiaine<\/p>\n","protected":false},"excerpt":{"rendered":"<p>Sade hoitoainepala on hyvin hoitava ja kosteuttava. Se sis\u00e4lt\u00e4\u00e4 laadukkaita hiuksia ja hiuspohjaa hoitavia kasvi\u00f6ljypohjaisia ainesosia, tyrni\u00f6ljy\u00e4, argan\u00f6ljy\u00e4, jojoba\u00f6ljy\u00e4, kaakaovoita sek\u00e4 kokumvoita. V\u00e4ri tulee vain ja ainoastaan tyrni\u00f6ljyst\u00e4 ja sen vieno hedelm\u00e4inen tuoksu tulee my\u00f6s tyrni\u00f6ljyst\u00e4, lis\u00e4tty\u00e4 tuoksua ei ole. Sade on t\u00e4ysin vaahtoamaton hoitoainepala. Hoitaa ja suojaa hiuksia parantaen niiden taipuisuutta samalla tehden hiuksista helposti kammattavat. Sen sis\u00e4lt\u00e4m\u00e4t kasvi\u00f6ljyt lis\u00e4\u00e4v\u00e4t hiusten kiiltoa antaen samalla ilmavuutta hiuksille.<\/p>\n<p>Sade hoitoainepalaa voi k\u00e4ytt\u00e4\u00e4 my\u00f6s hiusnaamiona: levit\u00e4 hoitoainetta hiuksiin ja anna sen vaikuttaa vaikka pyyhkeen alla saunan l\u00e4mm\u00f6ss\u00e4 ennen huuhtelua. Soveltuu Curly Girl metodin mukaiseen k\u00e4ytt\u00f6\u00f6n.<\/p>\n<p>Huom! Sade hoitoainepala on herkk\u00e4 tuote l\u00e4mm\u00f6n suhteen, joten pakkauksessa on my\u00f6s merkint\u00e4, ett\u00e4 tuote tulee s\u00e4ilytt\u00e4\u00e4 enint\u00e4\u00e4n +25C asteessa.<\/p>\n","protected":false},"featured_media":7024,"comment_status":"closed","ping_status":"closed","template":"","meta":{"_acf_changed":false,"om_disable_all_campaigns":false,"_monsterinsights_skip_tracking":false,"_monsterinsights_sitenote_active":false,"_monsterinsights_sitenote_note":"","_monsterinsights_sitenote_category":0,"_uf_show_specific_survey":0,"_uf_disable_surveys":false},"product_brand":[],"product_cat":[103],"product_tag":[93,168,190,96,124,40,104,123],"class_list":{"0":"post-6111","1":"product","2":"type-product","3":"status-publish","4":"has-post-thumbnail","6":"product_cat-hoitoaineet","7":"product_tag-carita-cosmetiikka","8":"product_tag-catteco","9":"product_tag-hiusnaamio","10":"product_tag-hoitava","11":"product_tag-jojoba","12":"product_tag-kosteuttava","13":"product_tag-palahoitoaine","14":"product_tag-tyrni","17":"first","18":"instock","19":"taxable","20":"shipping-taxable","21":"purchasable","22":"product-type-simple"},"supplier_id":1177,"supplier_sku":"","atum_controlled":true,"out_stock_date":null,"out_stock_threshold":null,"inheritable":false,"inbound_stock":0,"stock_on_hold":0,"sold_today":0,"sales_last_days":0,"reserved_stock":1,"customer_returns":0,"warehouse_damage":0,"lost_in_post":0,"other_logs":0,"out_stock_days":0,"lost_sales":0,"has_location":false,"update_date":"2026-04-17T00:42:56","atum_locations":[],"atum_stock_status":"instock","restock_status":false,"low_stock_amount":"","sales_update_date":"2026-04-17T00:42:56","calc_backorders":0,"acf":[],"aioseo_notices":[],"_links":{"self":[{"href":"https:\/\/www.peililampi.fi\/index.php\/wp-json\/wp\/v2\/product\/6111","targetHints":{"allow":["GET"]}}],"collection":[{"href":"https:\/\/www.peililampi.fi\/index.php\/wp-json\/wp\/v2\/product"}],"about":[{"href":"https:\/\/www.peililampi.fi\/index.php\/wp-json\/wp\/v2\/types\/product"}],"replies":[{"embeddable":true,"href":"https:\/\/www.peililampi.fi\/index.php\/wp-json\/wp\/v2\/comments?post=6111"}],"version-history":[{"count":1,"href":"https:\/\/www.peililampi.fi\/index.php\/wp-json\/wp\/v2\/product\/6111\/revisions"}],"predecessor-version":[{"id":7091,"href":"https:\/\/www.peililampi.fi\/index.php\/wp-json\/wp\/v2\/product\/6111\/revisions\/7091"}],"wp:featuredmedia":[{"embeddable":true,"href":"https:\/\/www.peililampi.fi\/index.php\/wp-json\/wp\/v2\/media\/7024"}],"wp:attachment":[{"href":"https:\/\/www.peililampi.fi\/index.php\/wp-json\/wp\/v2\/media?parent=6111"}],"wp:term":[{"taxonomy":"product_brand","embeddable":true,"href":"https:\/\/www.peililampi.fi\/index.php\/wp-json\/wp\/v2\/product_brand?post=6111"},{"taxonomy":"product_cat","embeddable":true,"href":"https:\/\/www.peililampi.fi\/index.php\/wp-json\/wp\/v2\/product_cat?post=6111"},{"taxonomy":"product_tag","embeddable":true,"href":"https:\/\/www.peililampi.fi\/index.php\/wp-json\/wp\/v2\/product_tag?post=6111"}],"curies":[{"name":"wp","href":"https:\/\/api.w.org\/{rel}","templated":true}]}}