{"id":6108,"date":"2020-09-17T16:54:53","date_gmt":"2020-09-17T13:54:53","guid":{"rendered":"https:\/\/www.peililampi.fi\/?post_type=product&#038;p=6108"},"modified":"2025-11-17T09:41:52","modified_gmt":"2025-11-17T07:41:52","slug":"merileva-shampoopala-100g","status":"publish","type":"product","link":"https:\/\/www.peililampi.fi\/index.php\/tuote\/merileva-shampoopala-100g\/","title":{"rendered":"Merilev\u00e4 Shampoopala 100g"},"content":{"rendered":"<p>INCI<strong>: <\/strong>Sodium Olivate (Oliivi\u00f6ljy), Sodium Cocoate (Kookos\u00f6ljy), Sodium Castorate (Risiini\u00f6ljy), Sodium Hempseedate (Hamppu\u00f6ljy), Butyrospermum Parkii Butter (Luomu Sheavoi), Aqua \/ Craft Beer, Fucas Vesiculosis (Merilev\u00e4), Sodium Chloride (Himalajan Ruususuola), Sodium Lactate (Natriumlaktaatti)<\/p>\n","protected":false},"excerpt":{"rendered":"<p class=\"\"><strong>Kuiville ja normaaleille hiuksille ja herk\u00e4lle hiuspohjalle.<\/strong> Sis\u00e4lt\u00e4\u00e4 laadukkaita hiuksia ja hiuspohjaa hoitavia \u00f6ljyj\u00e4: Oliivi\u00f6ljy\u00e4, kookos\u00f6ljy\u00e4, risiini\u00f6ljy\u00e4 ja hamppu\u00f6ljy\u00e4 sek\u00e4 hoitavaa Nilotica sheavoita. Sis\u00e4lt\u00e4\u00e4 merilev\u00e4\u00e4, jolla on edullinen vaikutus hiusten kasvuun ja samalla ehk\u00e4isev\u00e4 vaikutus hiusten harvenemiseen. Shampoopala sis\u00e4lt\u00e4\u00e4 olutta, jolla on hiuksiin tuuheuttava ja taipuisuutta lis\u00e4\u00e4v\u00e4 vaikutus. Ei sis\u00e4ll\u00e4 lis\u00e4ttyj\u00e4 tuoksuja. Kun alat k\u00e4ytt\u00e4\u00e4 shampoopalaa niin anna hiuksillesi aikaa tottua luonnolliseen, kasvi\u00f6ljyj\u00e4 sis\u00e4lt\u00e4v\u00e4\u00e4n shampoopalaan. T\u00e4m\u00e4 saattaa kest\u00e4\u00e4 useita pesukertoja.<\/p>\n<p class=\"\">Merilev\u00e4n ansiosta tuuheuttaa hiuksia antaen niille samalla ryhti\u00e4, sheavoin ansiosta hoitaa hyvin hiuksia ja on hell\u00e4 my\u00f6s herk\u00e4lle hiuspohjalle. Merilev\u00e4 soveltuu hyvin hennoille ja ohuille hiuksille sek\u00e4 v\u00e4rj\u00e4tyille ja k\u00e4sitellyille hiuksille. Pesutulos paranee entisest\u00e4\u00e4n mik\u00e4li vaahdottaa hiukset kaksi kertaa v\u00e4lihuuhtelulla ja j\u00e4lkimm\u00e4isell\u00e4 kerralla antaa shampoon j\u00e4\u00e4d\u00e4 vaikuttamaan hiuksiin ja lopuksi huuhtelee.<\/p>\n","protected":false},"featured_media":6991,"comment_status":"closed","ping_status":"closed","template":"","meta":{"_acf_changed":false,"om_disable_all_campaigns":false,"_monsterinsights_skip_tracking":false,"_monsterinsights_sitenote_active":false,"_monsterinsights_sitenote_note":"","_monsterinsights_sitenote_category":0,"_uf_show_specific_survey":0,"_uf_disable_surveys":false},"product_brand":[],"product_cat":[92],"product_tag":[93,168,188,189,163,186,94,187],"class_list":{"0":"post-6108","1":"product","2":"type-product","3":"status-publish","4":"has-post-thumbnail","6":"product_cat-shampoo","7":"product_tag-carita-cosmetiikka","8":"product_tag-catteco","9":"product_tag-herkalle-hiuspohjalle","10":"product_tag-kasitellyille-hiuksille","11":"product_tag-merileva","12":"product_tag-olut","13":"product_tag-sheavoi","14":"product_tag-tuuheuttava","17":"first","18":"instock","19":"taxable","20":"shipping-taxable","21":"purchasable","22":"product-type-simple"},"supplier_id":1177,"supplier_sku":"","atum_controlled":true,"out_stock_date":null,"out_stock_threshold":null,"inheritable":false,"inbound_stock":0,"stock_on_hold":0,"sold_today":0,"sales_last_days":0,"reserved_stock":0,"customer_returns":0,"warehouse_damage":0,"lost_in_post":0,"other_logs":0,"out_stock_days":0,"lost_sales":0,"has_location":false,"update_date":"2026-04-30T02:04:36","atum_locations":[],"atum_stock_status":"instock","restock_status":false,"low_stock_amount":"","sales_update_date":"2026-04-30T02:04:36","calc_backorders":null,"acf":[],"aioseo_notices":[],"_links":{"self":[{"href":"https:\/\/www.peililampi.fi\/index.php\/wp-json\/wp\/v2\/product\/6108","targetHints":{"allow":["GET"]}}],"collection":[{"href":"https:\/\/www.peililampi.fi\/index.php\/wp-json\/wp\/v2\/product"}],"about":[{"href":"https:\/\/www.peililampi.fi\/index.php\/wp-json\/wp\/v2\/types\/product"}],"replies":[{"embeddable":true,"href":"https:\/\/www.peililampi.fi\/index.php\/wp-json\/wp\/v2\/comments?post=6108"}],"version-history":[{"count":1,"href":"https:\/\/www.peililampi.fi\/index.php\/wp-json\/wp\/v2\/product\/6108\/revisions"}],"predecessor-version":[{"id":7092,"href":"https:\/\/www.peililampi.fi\/index.php\/wp-json\/wp\/v2\/product\/6108\/revisions\/7092"}],"wp:featuredmedia":[{"embeddable":true,"href":"https:\/\/www.peililampi.fi\/index.php\/wp-json\/wp\/v2\/media\/6991"}],"wp:attachment":[{"href":"https:\/\/www.peililampi.fi\/index.php\/wp-json\/wp\/v2\/media?parent=6108"}],"wp:term":[{"taxonomy":"product_brand","embeddable":true,"href":"https:\/\/www.peililampi.fi\/index.php\/wp-json\/wp\/v2\/product_brand?post=6108"},{"taxonomy":"product_cat","embeddable":true,"href":"https:\/\/www.peililampi.fi\/index.php\/wp-json\/wp\/v2\/product_cat?post=6108"},{"taxonomy":"product_tag","embeddable":true,"href":"https:\/\/www.peililampi.fi\/index.php\/wp-json\/wp\/v2\/product_tag?post=6108"}],"curies":[{"name":"wp","href":"https:\/\/api.w.org\/{rel}","templated":true}]}}