{"id":6105,"date":"2020-09-17T16:55:47","date_gmt":"2020-09-17T13:55:47","guid":{"rendered":"https:\/\/www.peililampi.fi\/?post_type=product&#038;p=6105"},"modified":"2026-03-16T18:23:47","modified_gmt":"2026-03-16T16:23:47","slug":"herkkis-saippuapala-100g","status":"publish","type":"product","link":"https:\/\/www.peililampi.fi\/index.php\/tuote\/herkkis-saippuapala-100g\/","title":{"rendered":"Herkkis Saippuapala 100g"},"content":{"rendered":"<p>INCI: Sodium Olivate (Oliivi\u00f6ljy), Sodium Cocoate (Kookos\u00f6ljy), Sodium Castorate (Risiini\u00f6ljy), Sodium Hempseedate (Hamppu\u00f6ljy), Butyrospermum Parkii Butter (Luomu Sheavoi), Aqua, Avena Sativa Kernel Oil (Kaura\u00f6ljy), Sodium Chloride (Himalajan Ruususuola), Sodium Lactate (Natriumlaktaatti), Calluna Vulgaris (Kanervan Kukat)<\/p>\n","protected":false},"excerpt":{"rendered":"<p class=\"\">Sis\u00e4lt\u00e4\u00e4 oliivi\u00f6ljy\u00e4, kookos\u00f6ljy\u00e4, risiini\u00f6ljy\u00e4, hamppu\u00f6ljy\u00e4, luomusheavoita ja kaura\u00f6ljy\u00e4. Sis\u00e4lt\u00e4\u00e4 my\u00f6s Himalajan ruususuolaa, joka on liuenneessa muodossa t\u00e4ss\u00e4 saippuassa, joten t\u00e4ss\u00e4 saippuapalassa on suolan ihoa hoitavat hy\u00f6dyt ilman suolakiteit\u00e4.<\/p>\n<p class=\"\">Soveltuu eritt\u00e4in hyvin henkil\u00f6ille, joiden iho on erityisen herkk\u00e4, ohut tai \u00e4rtynyt ja tuoksuttomana saippuana se soveltuu my\u00f6s tuoksuyliherkille. K\u00e4yt\u00f6ss\u00e4 Herkkis muodostaa kermaisen, hoitavan ja ylellisen vaahdon, joka pesee todella hell\u00e4varaisesti. Hoitavana saippuana soveltuu my\u00f6s hiusten ja hiuspohjan pesuun erityisesti kuiville hiuksille ja hiuspohjalle. Herkkis sopii hyvin my\u00f6s perheen pienokaisille.<\/p>\n","protected":false},"featured_media":7058,"comment_status":"closed","ping_status":"closed","template":"","meta":{"_acf_changed":false,"om_disable_all_campaigns":false,"_monsterinsights_skip_tracking":false,"_monsterinsights_sitenote_active":false,"_monsterinsights_sitenote_note":"","_monsterinsights_sitenote_category":0,"_uf_show_specific_survey":0,"_uf_disable_surveys":false},"product_brand":[],"product_cat":[20,92],"product_tag":[93,168,49,183,32,62],"class_list":{"0":"post-6105","1":"product","2":"type-product","3":"status-publish","4":"has-post-thumbnail","6":"product_cat-saippuat","7":"product_cat-shampoo","8":"product_tag-carita-cosmetiikka","9":"product_tag-catteco","10":"product_tag-herkalle-iholle","11":"product_tag-palasaippua","12":"product_tag-palashampoo","13":"product_tag-tuoksuton","16":"first","17":"instock","18":"taxable","19":"shipping-taxable","20":"purchasable","21":"product-type-simple"},"supplier_id":1177,"supplier_sku":"","atum_controlled":true,"out_stock_date":null,"out_stock_threshold":null,"inheritable":false,"inbound_stock":0,"stock_on_hold":0,"sold_today":0,"sales_last_days":0,"reserved_stock":0,"customer_returns":0,"warehouse_damage":0,"lost_in_post":0,"other_logs":0,"out_stock_days":0,"lost_sales":0,"has_location":false,"update_date":"2026-04-30T02:04:37","atum_locations":[],"atum_stock_status":"instock","restock_status":false,"low_stock_amount":"","sales_update_date":"2026-04-30T02:04:37","calc_backorders":0,"acf":[],"aioseo_notices":[],"_links":{"self":[{"href":"https:\/\/www.peililampi.fi\/index.php\/wp-json\/wp\/v2\/product\/6105","targetHints":{"allow":["GET"]}}],"collection":[{"href":"https:\/\/www.peililampi.fi\/index.php\/wp-json\/wp\/v2\/product"}],"about":[{"href":"https:\/\/www.peililampi.fi\/index.php\/wp-json\/wp\/v2\/types\/product"}],"replies":[{"embeddable":true,"href":"https:\/\/www.peililampi.fi\/index.php\/wp-json\/wp\/v2\/comments?post=6105"}],"version-history":[{"count":1,"href":"https:\/\/www.peililampi.fi\/index.php\/wp-json\/wp\/v2\/product\/6105\/revisions"}],"predecessor-version":[{"id":7093,"href":"https:\/\/www.peililampi.fi\/index.php\/wp-json\/wp\/v2\/product\/6105\/revisions\/7093"}],"wp:featuredmedia":[{"embeddable":true,"href":"https:\/\/www.peililampi.fi\/index.php\/wp-json\/wp\/v2\/media\/7058"}],"wp:attachment":[{"href":"https:\/\/www.peililampi.fi\/index.php\/wp-json\/wp\/v2\/media?parent=6105"}],"wp:term":[{"taxonomy":"product_brand","embeddable":true,"href":"https:\/\/www.peililampi.fi\/index.php\/wp-json\/wp\/v2\/product_brand?post=6105"},{"taxonomy":"product_cat","embeddable":true,"href":"https:\/\/www.peililampi.fi\/index.php\/wp-json\/wp\/v2\/product_cat?post=6105"},{"taxonomy":"product_tag","embeddable":true,"href":"https:\/\/www.peililampi.fi\/index.php\/wp-json\/wp\/v2\/product_tag?post=6105"}],"curies":[{"name":"wp","href":"https:\/\/api.w.org\/{rel}","templated":true}]}}