{"id":5952,"date":"2020-04-25T16:28:20","date_gmt":"2020-04-25T13:28:20","guid":{"rendered":"https:\/\/www.peililampi.fi\/?post_type=product&#038;p=5952"},"modified":"2020-11-29T20:46:57","modified_gmt":"2020-11-29T18:46:57","slug":"lahjakortti-100e","status":"publish","type":"product","link":"https:\/\/www.peililampi.fi\/index.php\/tuote\/lahjakortti-100e\/","title":{"rendered":"Lahjakortti 100\u20ac"},"content":{"rendered":"","protected":false},"excerpt":{"rendered":"<p>Peililammen s\u00e4hk\u00f6inen lahjakortti, arvoltaan 100 \u20ac. Lahjakortti on voimassa 18 kk ja sill\u00e4 voi maksaa useammalla ostoskerralla.<\/p>\n<p>Lahjakortti l\u00e4hetet\u00e4\u00e4n s\u00e4hk\u00f6postilla. Voit halutessasi valita milloin lahjakortti l\u00e4hetet\u00e4\u00e4n vastaanottajalle.<\/p>\n<p><a href=\"https:\/\/www.peililampi.fi\/?page_id=6227\">S\u00e4hk\u00f6isen lahjakortin toiminta.<\/a><\/p>\n","protected":false},"featured_media":5956,"comment_status":"closed","ping_status":"closed","template":"","meta":{"_acf_changed":false,"om_disable_all_campaigns":false,"_monsterinsights_skip_tracking":false,"_monsterinsights_sitenote_active":false,"_monsterinsights_sitenote_note":"","_monsterinsights_sitenote_category":0,"_uf_show_specific_survey":0,"_uf_disable_surveys":false},"product_brand":[],"product_cat":[177],"product_tag":[],"class_list":{"0":"post-5952","1":"product","2":"type-product","3":"status-publish","4":"has-post-thumbnail","6":"product_cat-lahjakortit","9":"first","10":"instock","11":"virtual","12":"purchasable","13":"product-type-simple"},"supplier_id":null,"supplier_sku":"","atum_controlled":true,"out_stock_date":null,"out_stock_threshold":null,"inheritable":false,"inbound_stock":0,"stock_on_hold":0,"sold_today":0,"sales_last_days":0,"reserved_stock":0,"customer_returns":0,"warehouse_damage":0,"lost_in_post":0,"other_logs":0,"out_stock_days":0,"lost_sales":0,"has_location":false,"update_date":"2026-04-17T00:42:56","atum_locations":[],"atum_stock_status":"instock","restock_status":false,"low_stock_amount":"","sales_update_date":"2026-04-17T00:42:56","calc_backorders":null,"acf":[],"aioseo_notices":[],"_links":{"self":[{"href":"https:\/\/www.peililampi.fi\/index.php\/wp-json\/wp\/v2\/product\/5952","targetHints":{"allow":["GET"]}}],"collection":[{"href":"https:\/\/www.peililampi.fi\/index.php\/wp-json\/wp\/v2\/product"}],"about":[{"href":"https:\/\/www.peililampi.fi\/index.php\/wp-json\/wp\/v2\/types\/product"}],"replies":[{"embeddable":true,"href":"https:\/\/www.peililampi.fi\/index.php\/wp-json\/wp\/v2\/comments?post=5952"}],"version-history":[{"count":0,"href":"https:\/\/www.peililampi.fi\/index.php\/wp-json\/wp\/v2\/product\/5952\/revisions"}],"wp:featuredmedia":[{"embeddable":true,"href":"https:\/\/www.peililampi.fi\/index.php\/wp-json\/wp\/v2\/media\/5956"}],"wp:attachment":[{"href":"https:\/\/www.peililampi.fi\/index.php\/wp-json\/wp\/v2\/media?parent=5952"}],"wp:term":[{"taxonomy":"product_brand","embeddable":true,"href":"https:\/\/www.peililampi.fi\/index.php\/wp-json\/wp\/v2\/product_brand?post=5952"},{"taxonomy":"product_cat","embeddable":true,"href":"https:\/\/www.peililampi.fi\/index.php\/wp-json\/wp\/v2\/product_cat?post=5952"},{"taxonomy":"product_tag","embeddable":true,"href":"https:\/\/www.peililampi.fi\/index.php\/wp-json\/wp\/v2\/product_tag?post=5952"}],"curies":[{"name":"wp","href":"https:\/\/api.w.org\/{rel}","templated":true}]}}