{"id":5831,"date":"2020-02-20T08:41:40","date_gmt":"2020-02-20T06:41:40","guid":{"rendered":"https:\/\/www.peililampi.fi\/?post_type=product&#038;p=5831"},"modified":"2026-04-26T20:25:17","modified_gmt":"2026-04-26T17:25:17","slug":"eko-saippuansaastaja","status":"publish","type":"product","link":"https:\/\/www.peililampi.fi\/index.php\/tuote\/eko-saippuansaastaja\/","title":{"rendered":"EKO Saippuans\u00e4\u00e4st\u00e4j\u00e4"},"content":{"rendered":"","protected":false},"excerpt":{"rendered":"<p>EKO Saippuans\u00e4\u00e4st\u00e4j\u00e4 on piikkimatto palasaippualle. Piikit pit\u00e4v\u00e4t saippuan paikallaan ja pohjassa olevien reikien kautta kosteus p\u00e4\u00e4see haihtumaan, joten saippua pysyy hygeenisemp\u00e4n\u00e4 ja s\u00e4ilyy pitemp\u00e4\u00e4n. Oikeasti toimiva saippua-alusta!<\/p>\n<p>EKO saippuans\u00e4\u00e4st\u00e4j\u00e4 on Suomessa laadukkaasti valmistettu tuote, jolla on Suomalaisen Ty\u00f6n Liiton Avainlippu-tunnuksen k\u00e4ytt\u00f6oikeus. Saippuans\u00e4\u00e4st\u00e4j\u00e4 on valmistettu puukuitupohjaisesta biokomposiitista, joten sen hiilijalanj\u00e4lki on huomattavasti pienempi verrattuna kokonaan muoviseen tuotteeseen.<\/p>\n","protected":false},"featured_media":7052,"comment_status":"closed","ping_status":"closed","template":"","meta":{"_acf_changed":false,"om_disable_all_campaigns":false,"_monsterinsights_skip_tracking":false,"_monsterinsights_sitenote_active":false,"_monsterinsights_sitenote_note":"","_monsterinsights_sitenote_category":0,"_uf_show_specific_survey":0,"_uf_disable_surveys":false},"product_brand":[],"product_cat":[172],"product_tag":[175,56,174,173,176],"class_list":{"0":"post-5831","1":"product","2":"type-product","3":"status-publish","4":"has-post-thumbnail","6":"product_cat-tarvikkeet","7":"product_tag-avainlippu","8":"product_tag-kotimainen","9":"product_tag-piikkimatto","10":"product_tag-saippua-alusta","11":"product_tag-sunrise-cosmetics","14":"first","15":"instock","16":"taxable","17":"shipping-taxable","18":"purchasable","19":"product-type-simple"},"supplier_id":1199,"supplier_sku":"","atum_controlled":true,"out_stock_date":null,"out_stock_threshold":null,"inheritable":false,"inbound_stock":0,"stock_on_hold":10,"sold_today":10,"sales_last_days":10,"reserved_stock":0,"customer_returns":0,"warehouse_damage":0,"lost_in_post":0,"other_logs":0,"out_stock_days":0,"lost_sales":0,"has_location":false,"update_date":"2026-04-26T17:25:24","atum_locations":[],"atum_stock_status":"instock","restock_status":false,"low_stock_amount":"","sales_update_date":"2026-04-26T17:25:24","calc_backorders":0,"acf":[],"aioseo_notices":[],"_links":{"self":[{"href":"https:\/\/www.peililampi.fi\/index.php\/wp-json\/wp\/v2\/product\/5831","targetHints":{"allow":["GET"]}}],"collection":[{"href":"https:\/\/www.peililampi.fi\/index.php\/wp-json\/wp\/v2\/product"}],"about":[{"href":"https:\/\/www.peililampi.fi\/index.php\/wp-json\/wp\/v2\/types\/product"}],"replies":[{"embeddable":true,"href":"https:\/\/www.peililampi.fi\/index.php\/wp-json\/wp\/v2\/comments?post=5831"}],"version-history":[{"count":1,"href":"https:\/\/www.peililampi.fi\/index.php\/wp-json\/wp\/v2\/product\/5831\/revisions"}],"predecessor-version":[{"id":7097,"href":"https:\/\/www.peililampi.fi\/index.php\/wp-json\/wp\/v2\/product\/5831\/revisions\/7097"}],"wp:featuredmedia":[{"embeddable":true,"href":"https:\/\/www.peililampi.fi\/index.php\/wp-json\/wp\/v2\/media\/7052"}],"wp:attachment":[{"href":"https:\/\/www.peililampi.fi\/index.php\/wp-json\/wp\/v2\/media?parent=5831"}],"wp:term":[{"taxonomy":"product_brand","embeddable":true,"href":"https:\/\/www.peililampi.fi\/index.php\/wp-json\/wp\/v2\/product_brand?post=5831"},{"taxonomy":"product_cat","embeddable":true,"href":"https:\/\/www.peililampi.fi\/index.php\/wp-json\/wp\/v2\/product_cat?post=5831"},{"taxonomy":"product_tag","embeddable":true,"href":"https:\/\/www.peililampi.fi\/index.php\/wp-json\/wp\/v2\/product_tag?post=5831"}],"curies":[{"name":"wp","href":"https:\/\/api.w.org\/{rel}","templated":true}]}}