{"id":517,"date":"2019-10-10T16:51:24","date_gmt":"2019-10-10T13:51:24","guid":{"rendered":"http:\/\/www.peililampi.fi\/?post_type=product&#038;p=517"},"modified":"2026-04-17T11:27:10","modified_gmt":"2026-04-17T08:27:10","slug":"kosteuttava-kasvovoi-kaakaovoilla","status":"publish","type":"product","link":"https:\/\/www.peililampi.fi\/index.php\/tuote\/kosteuttava-kasvovoi-kaakaovoilla\/","title":{"rendered":"Kosteuttava kasvovoi kaakaovoilla 50ml"},"content":{"rendered":"<p>INCI: Theobroma cacao (kaakaovoi), Prunus dulcis (makea manteli\u00f6ljy), Cocus nucifera (kookos\u00f6ljy)<\/p>\n","protected":false},"excerpt":{"rendered":"<p>Hyvin imeytyv\u00e4 ja ravitseva kasvovoi. Sis\u00e4lt\u00e4\u00e4 luomupuhdistettua kaakaovoita, luomu manteli\u00f6ljy\u00e4 ja luomu kookos\u00f6ljy\u00e4. N\u00e4m\u00e4 kolme yhdess\u00e4 tarjoavat mukavan silkkisen lopputuloksen. Ravitsee ihoa A, C, E ja B -vitamiineilla sek\u00e4 antioksidanteilla ja auttaa ihoa pysym\u00e4\u00e4n nuorekkaana. Suojaa ja kosteuttaa ihoa niin talvipakkasilla kuin kes\u00e4n auringossa. Sopii silm\u00e4nymp\u00e4rysvoiteeksi; lievitt\u00e4\u00e4 silm\u00e4luomien turvotusta. Tuote on 100% luonnollinen ja luomu.<\/p>\n<p>T\u00e4m\u00e4 tuote on lyhyess\u00e4 ajassa voittanut jo monien ihmisten syd\u00e4men. Niin puhdas ett\u00e4 sit\u00e4 voisi sy\u00f6d\u00e4!<br \/>\nK\u00e4ytt\u00f6: Levit\u00e4 pieni m\u00e4\u00e4r\u00e4 iholle ja hiero kunnes kasvovoi on t\u00e4ysin imeytynyt.<br \/>\nS\u00e4ilytys alle +25C, v\u00e4lt\u00e4 suoraa auringonvaloa. Koostumus muuttuu, jos tuote p\u00e4\u00e4see liian l\u00e4mpim\u00e4ksi, mutta t\u00e4m\u00e4 ei vaikuta tuotteen k\u00e4ytt\u00f6\u00f6n.<br \/>\n100% luonnollinen k\u00e4sity\u00f6<br \/>\nVegaani<\/p>\n","protected":false},"featured_media":6980,"comment_status":"closed","ping_status":"closed","template":"","meta":{"_acf_changed":false,"om_disable_all_campaigns":false,"_monsterinsights_skip_tracking":false,"_monsterinsights_sitenote_active":false,"_monsterinsights_sitenote_note":"","_monsterinsights_sitenote_category":0,"_uf_show_specific_survey":0,"_uf_disable_surveys":false},"product_brand":[],"product_cat":[50],"product_tag":[37,36,38,40,31,39,73,44,35],"class_list":{"0":"post-517","1":"product","2":"type-product","3":"status-publish","4":"has-post-thumbnail","6":"product_cat-voiteet","7":"product_tag-kaakaovoi","8":"product_tag-kasvoille","9":"product_tag-kookosoljy","10":"product_tag-kosteuttava","11":"product_tag-luomu","12":"product_tag-manteli","13":"product_tag-savela-cosmetics","14":"product_tag-vegaani","15":"product_tag-voide","18":"first","19":"instock","20":"taxable","21":"shipping-taxable","22":"purchasable","23":"product-type-simple"},"supplier_id":1184,"supplier_sku":"","atum_controlled":true,"out_stock_date":null,"out_stock_threshold":null,"inheritable":false,"inbound_stock":0,"stock_on_hold":0,"sold_today":0,"sales_last_days":2,"reserved_stock":0,"customer_returns":0,"warehouse_damage":0,"lost_in_post":0,"other_logs":0,"out_stock_days":0,"lost_sales":0,"has_location":false,"update_date":"2026-04-23T01:28:29","atum_locations":[],"atum_stock_status":"instock","restock_status":false,"low_stock_amount":"","sales_update_date":"2026-04-23T01:28:29","calc_backorders":null,"acf":[],"aioseo_notices":[],"_links":{"self":[{"href":"https:\/\/www.peililampi.fi\/index.php\/wp-json\/wp\/v2\/product\/517","targetHints":{"allow":["GET"]}}],"collection":[{"href":"https:\/\/www.peililampi.fi\/index.php\/wp-json\/wp\/v2\/product"}],"about":[{"href":"https:\/\/www.peililampi.fi\/index.php\/wp-json\/wp\/v2\/types\/product"}],"replies":[{"embeddable":true,"href":"https:\/\/www.peililampi.fi\/index.php\/wp-json\/wp\/v2\/comments?post=517"}],"version-history":[{"count":2,"href":"https:\/\/www.peililampi.fi\/index.php\/wp-json\/wp\/v2\/product\/517\/revisions"}],"predecessor-version":[{"id":7626,"href":"https:\/\/www.peililampi.fi\/index.php\/wp-json\/wp\/v2\/product\/517\/revisions\/7626"}],"wp:featuredmedia":[{"embeddable":true,"href":"https:\/\/www.peililampi.fi\/index.php\/wp-json\/wp\/v2\/media\/6980"}],"wp:attachment":[{"href":"https:\/\/www.peililampi.fi\/index.php\/wp-json\/wp\/v2\/media?parent=517"}],"wp:term":[{"taxonomy":"product_brand","embeddable":true,"href":"https:\/\/www.peililampi.fi\/index.php\/wp-json\/wp\/v2\/product_brand?post=517"},{"taxonomy":"product_cat","embeddable":true,"href":"https:\/\/www.peililampi.fi\/index.php\/wp-json\/wp\/v2\/product_cat?post=517"},{"taxonomy":"product_tag","embeddable":true,"href":"https:\/\/www.peililampi.fi\/index.php\/wp-json\/wp\/v2\/product_tag?post=517"}],"curies":[{"name":"wp","href":"https:\/\/api.w.org\/{rel}","templated":true}]}}