{"id":1580,"date":"2019-11-25T14:29:52","date_gmt":"2019-11-25T12:29:52","guid":{"rendered":"https:\/\/www.peililampi.fi\/?post_type=product&#038;p=1580"},"modified":"2025-05-05T15:12:40","modified_gmt":"2025-05-05T12:12:40","slug":"kaste-hoitoainepala-80g","status":"publish","type":"product","link":"https:\/\/www.peililampi.fi\/index.php\/tuote\/kaste-hoitoainepala-80g\/","title":{"rendered":"Kaste Hoitoainepala 80g"},"content":{"rendered":"<p>INCI: Sodium Cocoyl Isethionate (SCI)*, Behentriomonium Methosulfate (BTMS)**, Theobroma Cacao (Kaakaovoi), Peat (Turve), Cetearyl Alcohol***, Butyrospermum Parkii Butter (Luomu Sheavoi), Simmondsia Chinesis Seed Oil (Luomu Jojoba\u00f6ljy), Pyrus Malus Ferment Filtrate (Luomu Omenaviinietikka)<\/p>\n<p>*kookos\u00f6ljyst\u00e4 johdettu pinta-aktiivinen ainesosa, **kasvipohjainen emulgointiaine, ***ekologinen emulgaattori<\/p>\n","protected":false},"excerpt":{"rendered":"<p>Kaikille hiustyypeille. Sis\u00e4lt\u00e4\u00e4 laadukkaita hiuksia ja hiuspohjaa hoitavia kookos\u00f6ljypohjaisia ainesosia, jojoba\u00f6ljy\u00e4, sheavoita ja kaakaovoita sek\u00e4 omenaviinietikkaa. N\u00e4m\u00e4 ainesosat hoitavat ja suojaavat hiuksia parantaen niiden taipuisuutta samalla tehden hiuksista helposti kammattavat. Kasteen sis\u00e4lt\u00e4m\u00e4 jojoba\u00f6ljy ja sheavoi sek\u00e4 kaakaovoi ravitsevat, kosteuttavat ja suojaavat hiuksia sek\u00e4 hiuspohjaa. Kaste sis\u00e4lt\u00e4\u00e4 lis\u00e4ksi LehtoPeat\u00ae hiushoitoturvetta, jonka ansiosta Kaste on eritt\u00e4in hoitava ja soveltuu eritt\u00e4in herk\u00e4lle hiuspohjalle..<\/p>\n<p class=\"\">Hoitoainepala on helppo levitt\u00e4\u00e4 hiuksiin joko suoraan tai k\u00e4sien kautta. Shampoopohjainen Kaste hoitoainepala soveltuu Curly Girl -metodin mukaiseen hoitoainepesuun. Hoitoainepalan k\u00e4ytt\u00f6 ei rasvoita hiuksia.<\/p>\n","protected":false},"featured_media":6977,"comment_status":"closed","ping_status":"closed","template":"","meta":{"_acf_changed":false,"om_disable_all_campaigns":false,"_monsterinsights_skip_tracking":false,"_monsterinsights_sitenote_active":false,"_monsterinsights_sitenote_note":"","_monsterinsights_sitenote_category":0,"_uf_show_specific_survey":0,"_uf_disable_surveys":false},"product_brand":[],"product_cat":[103,116],"product_tag":[93,168,33,96,40,104,99],"class_list":{"0":"post-1580","1":"product","2":"type-product","3":"status-publish","4":"has-post-thumbnail","6":"product_cat-hoitoaineet","7":"product_cat-turve","8":"product_tag-carita-cosmetiikka","9":"product_tag-catteco","10":"product_tag-hiuksille","11":"product_tag-hoitava","12":"product_tag-kosteuttava","13":"product_tag-palahoitoaine","14":"product_tag-turve","17":"first","18":"instock","19":"taxable","20":"shipping-taxable","21":"purchasable","22":"product-type-simple"},"supplier_id":1177,"supplier_sku":"","atum_controlled":true,"out_stock_date":null,"out_stock_threshold":null,"inheritable":false,"inbound_stock":0,"stock_on_hold":0,"sold_today":0,"sales_last_days":0,"reserved_stock":0,"customer_returns":0,"warehouse_damage":0,"lost_in_post":0,"other_logs":0,"out_stock_days":0,"lost_sales":0,"has_location":true,"update_date":"2026-04-30T02:04:37","atum_locations":[{"id":21,"name":"Varasto","slug":"varasto"}],"atum_stock_status":"instock","restock_status":false,"low_stock_amount":"","sales_update_date":"2026-04-30T02:04:37","calc_backorders":null,"acf":[],"aioseo_notices":[],"_links":{"self":[{"href":"https:\/\/www.peililampi.fi\/index.php\/wp-json\/wp\/v2\/product\/1580","targetHints":{"allow":["GET"]}}],"collection":[{"href":"https:\/\/www.peililampi.fi\/index.php\/wp-json\/wp\/v2\/product"}],"about":[{"href":"https:\/\/www.peililampi.fi\/index.php\/wp-json\/wp\/v2\/types\/product"}],"replies":[{"embeddable":true,"href":"https:\/\/www.peililampi.fi\/index.php\/wp-json\/wp\/v2\/comments?post=1580"}],"version-history":[{"count":1,"href":"https:\/\/www.peililampi.fi\/index.php\/wp-json\/wp\/v2\/product\/1580\/revisions"}],"predecessor-version":[{"id":7094,"href":"https:\/\/www.peililampi.fi\/index.php\/wp-json\/wp\/v2\/product\/1580\/revisions\/7094"}],"wp:featuredmedia":[{"embeddable":true,"href":"https:\/\/www.peililampi.fi\/index.php\/wp-json\/wp\/v2\/media\/6977"}],"wp:attachment":[{"href":"https:\/\/www.peililampi.fi\/index.php\/wp-json\/wp\/v2\/media?parent=1580"}],"wp:term":[{"taxonomy":"product_brand","embeddable":true,"href":"https:\/\/www.peililampi.fi\/index.php\/wp-json\/wp\/v2\/product_brand?post=1580"},{"taxonomy":"product_cat","embeddable":true,"href":"https:\/\/www.peililampi.fi\/index.php\/wp-json\/wp\/v2\/product_cat?post=1580"},{"taxonomy":"product_tag","embeddable":true,"href":"https:\/\/www.peililampi.fi\/index.php\/wp-json\/wp\/v2\/product_tag?post=1580"}],"curies":[{"name":"wp","href":"https:\/\/api.w.org\/{rel}","templated":true}]}}