{"id":1294,"date":"2019-11-15T17:34:00","date_gmt":"2019-11-15T15:34:00","guid":{"rendered":"http:\/\/www.peililampi.fi\/?post_type=product&#038;p=1294"},"modified":"2026-01-14T14:54:51","modified_gmt":"2026-01-14T12:54:51","slug":"pakuritee-mausteinen-sitruuna-20-annospussia-30g","status":"publish","type":"product","link":"https:\/\/www.peililampi.fi\/index.php\/tuote\/pakuritee-mausteinen-sitruuna-20-annospussia-30g\/","title":{"rendered":"Pakuritee mausteinen sitruuna 20 annospussia, 30g"},"content":{"rendered":"<p>INCI: Villin\u00e4 kasvanut k\u00e4sin poimittu lis\u00e4aineeton pakurik\u00e4\u00e4p\u00e4 75%, sitruunaruoho, sitruunankuori, inkiv\u00e4\u00e4rinpalat, lakritsinjuuri, piparminttu.<\/p>\n<p>Pakurin alkuper\u00e4maa: Suomi\/Ven\u00e4j\u00e4<\/p>\n","protected":false},"excerpt":{"rendered":"<div id=\"ProductShortDesc\">\n<p>Pakuritee \u2013 20 teepussia (1,5g) 30g. Teepussin voi k\u00e4ytt\u00e4\u00e4 useampaan kertaan -niin kauan kuin v\u00e4ri\u00e4 l\u00e4htee.<\/p>\n<p>Vain laadukkaimmasta raaka-aineista mit\u00e4 markkinoilta l\u00f6ytyy. Ei lis\u00e4aineita eik\u00e4 torjunta-ainej\u00e4\u00e4mi\u00e4.<\/p>\n<p>Pakuri sis\u00e4lt\u00e4\u00e4 215 erilaista fytoravinnetta (mm. 29 polysakkaridi- tai beetaglukaani-johdannaista) sek\u00e4 kaikki elimist\u00f6llemme v\u00e4ltt\u00e4m\u00e4tt\u00f6m\u00e4t aminohapot. Pakurik\u00e4\u00e4p\u00e4 on ollut arvostettu l\u00e4\u00e4kint\u00e4sieni jo satojen vuosien ajan. Viimeisten 40 vuoden aikana on pakurista tehty yli 1600 tieteellist\u00e4 tutkimusta maailmanlaajuisesti. \u00c4l\u00e4 k\u00e4yt\u00e4 antibiootteja, penisiliini\u00e4 tai suonensis\u00e4ist\u00e4 glukoosia yht\u00e4aikaa pakurik\u00e4\u00e4v\u00e4n kanssa, koska ne toimivat pakurik\u00e4\u00e4v\u00e4n antagonisteina eli vastavaikuttajina. Huomio my\u00f6s, ett\u00e4 jotkut ihmiset saattavat olla hyvinkin allergisia sienille.<\/p>\n<p>K\u00e4ytt\u00f6:<\/p>\n<p>Kaada kuuma vesi teepussin p\u00e4\u00e4lle ja anna hautua 5-10 minuuttia. Hyv\u00e4\u00e4 tekev\u00e4 yrttijuoma on nyt valmis. Halutessasi voit maustaa juoman hunajalla.<\/p>\n<p>Pakurik\u00e4\u00e4v\u00e4n aktiiviset ainesosat:<\/p>\n<p>\u2022 Betuliini flanosterolit<br \/>\n\u2022 Betuliinihappo<br \/>\n\u2022 Beetaglukaanit<br \/>\n\u2022 Lanostanoidi tripenoidit<br \/>\n\u2022 Melaniini<br \/>\n\u2022 Polysakkaridit<br \/>\n\u2022 Xylogalaktoglukaani<br \/>\n\u2022 Inotodioli<br \/>\n\u2022 Inositolit<br \/>\n\u2022 Laktonit<br \/>\n\u2022 Saponiinit<br \/>\n\u2022 Liukoiset lingiinit<br \/>\n\u2022 D2-, B1-, B2- ja B3-vitamiineja, mineraalit mm. magnesium, kromi, rauta ja kalium<\/p>\n<\/div>\n","protected":false},"featured_media":7002,"comment_status":"closed","ping_status":"closed","template":"","meta":{"_acf_changed":false,"om_disable_all_campaigns":false,"_monsterinsights_skip_tracking":false,"_monsterinsights_sitenote_active":false,"_monsterinsights_sitenote_note":"","_monsterinsights_sitenote_category":0,"_uf_show_specific_survey":0,"_uf_disable_surveys":false},"product_brand":[],"product_cat":[137],"product_tag":[142,47,108,79,141],"class_list":{"0":"post-1294","1":"product","2":"type-product","3":"status-publish","4":"has-post-thumbnail","6":"product_cat-pakuri","7":"product_tag-ekosego","8":"product_tag-pakuri","9":"product_tag-piparminttu","10":"product_tag-sitruuna","11":"product_tag-tee","14":"first","15":"instock","16":"taxable","17":"shipping-taxable","18":"purchasable","19":"product-type-simple"},"supplier_id":1186,"supplier_sku":"","atum_controlled":true,"out_stock_date":null,"out_stock_threshold":null,"inheritable":false,"inbound_stock":0,"stock_on_hold":0,"sold_today":0,"sales_last_days":0,"reserved_stock":0,"customer_returns":0,"warehouse_damage":0,"lost_in_post":0,"other_logs":0,"out_stock_days":0,"lost_sales":0,"has_location":false,"update_date":"2026-04-24T01:37:02","atum_locations":[],"atum_stock_status":"instock","restock_status":false,"low_stock_amount":"","sales_update_date":"2026-04-24T01:37:02","calc_backorders":null,"acf":[],"aioseo_notices":[],"_links":{"self":[{"href":"https:\/\/www.peililampi.fi\/index.php\/wp-json\/wp\/v2\/product\/1294","targetHints":{"allow":["GET"]}}],"collection":[{"href":"https:\/\/www.peililampi.fi\/index.php\/wp-json\/wp\/v2\/product"}],"about":[{"href":"https:\/\/www.peililampi.fi\/index.php\/wp-json\/wp\/v2\/types\/product"}],"replies":[{"embeddable":true,"href":"https:\/\/www.peililampi.fi\/index.php\/wp-json\/wp\/v2\/comments?post=1294"}],"version-history":[{"count":1,"href":"https:\/\/www.peililampi.fi\/index.php\/wp-json\/wp\/v2\/product\/1294\/revisions"}],"predecessor-version":[{"id":7101,"href":"https:\/\/www.peililampi.fi\/index.php\/wp-json\/wp\/v2\/product\/1294\/revisions\/7101"}],"wp:featuredmedia":[{"embeddable":true,"href":"https:\/\/www.peililampi.fi\/index.php\/wp-json\/wp\/v2\/media\/7002"}],"wp:attachment":[{"href":"https:\/\/www.peililampi.fi\/index.php\/wp-json\/wp\/v2\/media?parent=1294"}],"wp:term":[{"taxonomy":"product_brand","embeddable":true,"href":"https:\/\/www.peililampi.fi\/index.php\/wp-json\/wp\/v2\/product_brand?post=1294"},{"taxonomy":"product_cat","embeddable":true,"href":"https:\/\/www.peililampi.fi\/index.php\/wp-json\/wp\/v2\/product_cat?post=1294"},{"taxonomy":"product_tag","embeddable":true,"href":"https:\/\/www.peililampi.fi\/index.php\/wp-json\/wp\/v2\/product_tag?post=1294"}],"curies":[{"name":"wp","href":"https:\/\/api.w.org\/{rel}","templated":true}]}}