{"id":1084,"date":"2019-11-07T16:52:51","date_gmt":"2019-11-07T14:52:51","guid":{"rendered":"http:\/\/www.peililampi.fi\/?post_type=product&#038;p=1084"},"modified":"2026-02-09T11:54:17","modified_gmt":"2026-02-09T09:54:17","slug":"mevate-voide-55ml","status":"publish","type":"product","link":"https:\/\/www.peililampi.fi\/index.php\/tuote\/mevate-voide-55ml\/","title":{"rendered":"Mevate-voide 55ml"},"content":{"rendered":"<p>INCI: rypsi\u00f6ljy, mehil\u00e4isvaha, m\u00e4ntyterva, piki\u00f6ljy.<\/p>\n","protected":false},"excerpt":{"rendered":"<p>Kutinaan, k\u00e4sien ja jalkojen kovettumiin ja pykimiin ja erilaisiin ihottumiin. Kokeile my\u00f6s atooppiseen ihottumaan ja psoriasiksen hoidossa. Sopii my\u00f6s el\u00e4imille.<\/p>\n<p>K\u00e4ytt\u00f6: Aluksi 2-3 kertaa p\u00e4iv\u00e4ss\u00e4, my\u00f6hemmin tarvittaessa.<\/p>\n","protected":false},"featured_media":6993,"comment_status":"closed","ping_status":"closed","template":"","meta":{"_acf_changed":false,"om_disable_all_campaigns":false,"_monsterinsights_skip_tracking":false,"_monsterinsights_sitenote_active":false,"_monsterinsights_sitenote_note":"","_monsterinsights_sitenote_category":0,"_uf_show_specific_survey":0,"_uf_disable_surveys":false},"product_brand":[],"product_cat":[129,15,138,50],"product_tag":[128,133,46,132,54],"class_list":{"0":"post-1084","1":"product","2":"type-product","3":"status-publish","4":"has-post-thumbnail","6":"product_cat-elaimille","7":"product_cat-pikioljy","8":"product_cat-terva","9":"product_cat-voiteet","10":"product_tag-iho-ongelmat","11":"product_tag-kietavainen","12":"product_tag-mehilaisvaha","13":"product_tag-pikioljy","14":"product_tag-terva","17":"first","18":"instock","19":"taxable","20":"shipping-taxable","21":"purchasable","22":"product-type-simple"},"supplier_id":1197,"supplier_sku":"","atum_controlled":true,"out_stock_date":null,"out_stock_threshold":null,"inheritable":false,"inbound_stock":0,"stock_on_hold":0,"sold_today":0,"sales_last_days":0,"reserved_stock":0,"customer_returns":0,"warehouse_damage":0,"lost_in_post":0,"other_logs":0,"out_stock_days":0,"lost_sales":0,"has_location":false,"update_date":"2026-04-17T00:42:57","atum_locations":[],"atum_stock_status":"instock","restock_status":false,"low_stock_amount":"","sales_update_date":"2026-04-17T00:42:57","calc_backorders":0,"acf":[],"aioseo_notices":[],"_links":{"self":[{"href":"https:\/\/www.peililampi.fi\/index.php\/wp-json\/wp\/v2\/product\/1084","targetHints":{"allow":["GET"]}}],"collection":[{"href":"https:\/\/www.peililampi.fi\/index.php\/wp-json\/wp\/v2\/product"}],"about":[{"href":"https:\/\/www.peililampi.fi\/index.php\/wp-json\/wp\/v2\/types\/product"}],"replies":[{"embeddable":true,"href":"https:\/\/www.peililampi.fi\/index.php\/wp-json\/wp\/v2\/comments?post=1084"}],"version-history":[{"count":1,"href":"https:\/\/www.peililampi.fi\/index.php\/wp-json\/wp\/v2\/product\/1084\/revisions"}],"predecessor-version":[{"id":7105,"href":"https:\/\/www.peililampi.fi\/index.php\/wp-json\/wp\/v2\/product\/1084\/revisions\/7105"}],"wp:featuredmedia":[{"embeddable":true,"href":"https:\/\/www.peililampi.fi\/index.php\/wp-json\/wp\/v2\/media\/6993"}],"wp:attachment":[{"href":"https:\/\/www.peililampi.fi\/index.php\/wp-json\/wp\/v2\/media?parent=1084"}],"wp:term":[{"taxonomy":"product_brand","embeddable":true,"href":"https:\/\/www.peililampi.fi\/index.php\/wp-json\/wp\/v2\/product_brand?post=1084"},{"taxonomy":"product_cat","embeddable":true,"href":"https:\/\/www.peililampi.fi\/index.php\/wp-json\/wp\/v2\/product_cat?post=1084"},{"taxonomy":"product_tag","embeddable":true,"href":"https:\/\/www.peililampi.fi\/index.php\/wp-json\/wp\/v2\/product_tag?post=1084"}],"curies":[{"name":"wp","href":"https:\/\/api.w.org\/{rel}","templated":true}]}}