{"id":3,"date":"2019-06-05T11:39:57","date_gmt":"2019-06-05T11:39:57","guid":{"rendered":"http:\/\/www.tulilintu.fi\/?page_id=3"},"modified":"2021-10-12T19:59:17","modified_gmt":"2021-10-12T16:59:17","slug":"privacy-policy","status":"publish","type":"page","link":"https:\/\/www.peililampi.fi\/index.php\/privacy-policy\/","title":{"rendered":"Tietosuojaseloste ja ev\u00e4steet"},"content":{"rendered":"\n<p><strong>Rekisteriseloste ja EUn tietosuoja-asetuksen (General Data Protection\nRegulation, GDPR)&nbsp;mukainen rekisteriseloste.<\/strong><\/p>\n\n\n\n<p><strong>Rekisterinpit\u00e4j\u00e4<\/strong><br>Peililampi ky<br>Ristolantie 53<br>16270 Villikkala<\/p>\n\n\n\n<p><br><strong>Yhteyshenkil\u00f6 rekisteriin liittyviss\u00e4 asioissa<\/strong><br>Mika Lehtonen \/ info@peililampi.fi<\/p>\n\n\n\n<p><strong>Rekisterin nimi<\/strong><br>Peililampi ky:n verkkokaupan asiakastietokanta <br> <br><strong>Rekisterin pit\u00e4misen peruste<\/strong><br>Rekisteri\u00e4 k\u00e4ytet\u00e4\u00e4n Peililampi ky:n asiakkaiden tilausten k\u00e4sittelyyn ja tilaustietojen arkistointiin. Henkil\u00f6tietoja k\u00e4sitell\u00e4\u00e4n luottamuksellisesti henkil\u00f6tietolain sallimassa ja edellytt\u00e4miss\u00e4 rajoissa.<\/p>\n\n\n\n<p><strong>Tietojen luovutus ja salassapito<\/strong><\/p>\n\n\n\n<p>Rekisterin tietoja ei luovuteta tai myyd\u00e4 ulkopuolisille. Asiakkaalla on oikeus saada n\u00e4hd\u00e4 henkil\u00f6kohtaiset rekisteritietonsa kirjallista pyynt\u00f6\u00e4 vastaan. Pyynt\u00f6 tulee osoittaa asiakasrekisterist\u00e4 vastaavalle henkil\u00f6lle.<br>Asiakas voi my\u00f6s milloin tahansa kielt\u00e4\u00e4 h\u00e4nt\u00e4 koskevien tietojen k\u00e4yt\u00f6n kokonaan, t\u00e4ll\u00f6in h\u00e4nt\u00e4 koskevat tiedot poistetaan asianmukaisesti ja turvallisesti. <\/p>\n\n\n\n<p><strong>Ev\u00e4steet<\/strong><\/p>\n\n\n\n<p>Sivustolla\nk\u00e4ytet\u00e4\u00e4n ev\u00e4steit\u00e4 k\u00e4vij\u00e4seurantaan ja markkinointiin.<\/p>\n","protected":false},"excerpt":{"rendered":"<p>Rekisteriseloste ja EUn tietosuoja-asetuksen (General Data Protection Regulation, GDPR)&nbsp;mukainen rekisteriseloste. Rekisterinpit\u00e4j\u00e4Peililampi kyRistolantie 5316270 Villikkala Yhteyshenkil\u00f6 rekisteriin liittyviss\u00e4 asioissaMika Lehtonen \/ info@peililampi.fi Rekisterin nimiPeililampi ky:n verkkokaupan asiakastietokanta Rekisterin pit\u00e4misen perusteRekisteri\u00e4 k\u00e4ytet\u00e4\u00e4n Peililampi ky:n asiakkaiden tilausten k\u00e4sittelyyn ja tilaustietojen arkistointiin. Henkil\u00f6tietoja k\u00e4sitell\u00e4\u00e4n luottamuksellisesti henkil\u00f6tietolain sallimassa ja edellytt\u00e4miss\u00e4 rajoissa. Tietojen luovutus ja salassapito Rekisterin tietoja ei luovuteta tai [&hellip;]<\/p>\n","protected":false},"author":1,"featured_media":0,"parent":0,"menu_order":0,"comment_status":"closed","ping_status":"open","template":"elementor_header_footer","meta":{"_acf_changed":false,"om_disable_all_campaigns":false,"_monsterinsights_skip_tracking":false,"_monsterinsights_sitenote_active":false,"_monsterinsights_sitenote_note":"","_monsterinsights_sitenote_category":0,"_uf_show_specific_survey":0,"_uf_disable_surveys":false,"footnotes":""},"class_list":["post-3","page","type-page","status-publish","hentry"],"acf":[],"aioseo_notices":[],"_links":{"self":[{"href":"https:\/\/www.peililampi.fi\/index.php\/wp-json\/wp\/v2\/pages\/3","targetHints":{"allow":["GET"]}}],"collection":[{"href":"https:\/\/www.peililampi.fi\/index.php\/wp-json\/wp\/v2\/pages"}],"about":[{"href":"https:\/\/www.peililampi.fi\/index.php\/wp-json\/wp\/v2\/types\/page"}],"author":[{"embeddable":true,"href":"https:\/\/www.peililampi.fi\/index.php\/wp-json\/wp\/v2\/users\/1"}],"replies":[{"embeddable":true,"href":"https:\/\/www.peililampi.fi\/index.php\/wp-json\/wp\/v2\/comments?post=3"}],"version-history":[{"count":0,"href":"https:\/\/www.peililampi.fi\/index.php\/wp-json\/wp\/v2\/pages\/3\/revisions"}],"wp:attachment":[{"href":"https:\/\/www.peililampi.fi\/index.php\/wp-json\/wp\/v2\/media?parent=3"}],"curies":[{"name":"wp","href":"https:\/\/api.w.org\/{rel}","templated":true}]}}