{"id":1761,"date":"2019-12-01T09:04:33","date_gmt":"2019-12-01T09:04:33","guid":{"rendered":"https:\/\/www.peililampi.fi\/?page_id=1761"},"modified":"2024-04-21T15:25:48","modified_gmt":"2024-04-21T12:25:48","slug":"toimitusehdot","status":"publish","type":"page","link":"https:\/\/www.peililampi.fi\/index.php\/toimitusehdot\/","title":{"rendered":"Tilaus- ja toimitusehdot"},"content":{"rendered":"<h3>1. Tilaaminen<\/h3>\n<p>Peililampi ky myy tuotteita t\u00e4ysi-ik\u00e4isille yksityishenkil\u00f6ille Suomeen. Tuotteet tilataan verkkokaupan kotisivuilla siirt\u00e4m\u00e4ll\u00e4 ne ostoskoriin ja maksamalla ostoskorin sis\u00e4lt\u00f6 kassalla. Asiakastiedot k\u00e4sitell\u00e4\u00e4n luottamuksellisesti. Tilatessaan verkkokaupasta asiakas sitoutuu kulloinkin voimassa oleviin toimitusehtoihin. Onnistuneen tilauksen j\u00e4lkeen s\u00e4hk\u00f6postiisi l\u00e4hetet\u00e4\u00e4n tilausvahvistus. Vahvistusviestien l\u00e4hett\u00e4minen edellytt\u00e4\u00e4 s\u00e4hk\u00f6postiosoitteen antamista tilauksen yhteydess\u00e4.<\/p>\n<h3>2. Tuotehinnat<\/h3>\n<p>Hinnat ovat eurohintoja ja sis\u00e4lt\u00e4v\u00e4t arvonlis\u00e4veron. Tilaukseen lis\u00e4t\u00e4\u00e4n toimitusmaksut. Pid\u00e4t\u00e4mme oikeuden hintojen ja toimituskulujen muutoksiin.<\/p>\n<h3>3. Maksaminen<\/h3>\n<p>Maksupalvelun tarjoaa Verifone Finland Oy (0943819-9). Verifone Finland Oy on Finanssivalvonnan toimiluvan saanut maksulaitos. Maksutapahtumat toteutetaan Verifone Finland Oy:n suojatussa tietoturvallisessa maksuymp\u00e4rist\u00f6ss\u00e4. Yleisimpien verkkopankki-, kortti- ja muiden maksujen vastaanottajana tiliotteella sek\u00e4 mahdollisilla korttilaskuilla n\u00e4kyy Verifone Finland Oy, joka v\u00e4litt\u00e4\u00e4 maksut kauppiaalle. Muiden maksutapojen osalta Verifone Finland Oy toimii maksutapahtumatietojen v\u00e4litt\u00e4j\u00e4n\u00e4, jolloin maksun vastaanottajana n\u00e4kyy (yrityksen nimi).<\/p>\n<p>Maksamiseen liittyviss\u00e4 kysymyksiss\u00e4 voit ottaa yhteytt\u00e4 Verifoneen:<\/p>\n<p>Verifone Finland Oy<br \/>Vantaankoskentie 14<br \/>01670 Vantaa<\/p>\n<p>Asiakaspalvelu: 020 753 5192<\/p>\n<p>kuluttaja@verifone.fi<\/p>\n<p><strong>Voit maksaa verkkokaupassa seuraavilla maksutavoilla:<\/strong><\/p>\n<p>Kaikki suomalaiset verkkopankkimaksut: Osuuspankki, Nordea, Danske Bank, S\u00e4\u00e4st\u00f6pankki, Aktia, Oma S\u00e4\u00e4st\u00f6pankki, POP Pankki, Handelsbanken, S-Pankki ja \u00c5landsbanken.<\/p>\n<p>Visa- ja Mastercard-korttiperheet: Visa Credit, Visa Debit, Mastercard Credit, Mastercard Debit, Visa Electron, Maestro ja Eurocard.<\/p>\n<p>Mobiilimaksutavat: Siirto-, MobilePay- ja Apple Pay -mobiilimaksutavat.<\/p>\n<h3>4. Verkkomaksujen tietoturva<\/h3>\n<p>K\u00e4yt\u00e4mme tietoturvallista SSL-salattua yhteytt\u00e4 luottokortti- ja muita tilaustietoja k\u00e4sitelt\u00e4ess\u00e4. Emme s\u00e4ilyt\u00e4 luottokorttitietoja tietoj\u00e4rjestelmiss\u00e4mme vaan ne k\u00e4sitell\u00e4\u00e4n ja s\u00e4ilytet\u00e4\u00e4n Verifonen turvallisessa PCI DSS -sertifioidussa j\u00e4rjestelm\u00e4ss\u00e4.<\/p>\n<h3>5. Toimitustavat ja -kulut<\/h3>\n<p>Tilauksesitoimituskulut n\u00e4et toimitus- ja maksutavanvalintasivulla. Toimitustapavaihtoehdot ovat Posti ja Matkahuolto. Emme vastaa kadonneista l\u00e4hetyksist\u00e4.<\/p>\n<h3>6. Toimitusaika<\/h3>\n<p>L\u00e4het\u00e4mme tuotteet tavallisesti 1 &#8211; 5 arkip\u00e4iv\u00e4n sis\u00e4ll\u00e4 tilauksen tekemisest\u00e4. Mik\u00e4li havaitsemme toimitusajan kest\u00e4v\u00e4n normaalia pidemp\u00e4\u00e4n, olemme mahdollisimman nopeasti yhteydess\u00e4 asiakkaaseen.<\/p>\n<h3>7. Palautusehdot<\/h3>\n<p>Asiakkaalla on 14 p\u00e4iv\u00e4n palautusoikeus. Palautusoikeus koskee vain alkuper\u00e4ispakkauksessa olevia k\u00e4ytt\u00e4m\u00e4tt\u00f6mi\u00e4 ja<br \/>myyntikelpoisia tuotteita. Tuotteen palauttamisen maksaa asiakas. Palautusta tehdess\u00e4si ota yhteytt\u00e4 s\u00e4hk\u00f6postitse<br \/>osoitteeseen info@peililampi.fi.<\/p>\n<p>Palautusilmoituksessa tulee ilmet\u00e4:\u00a0<br \/>Palautuksen syy<br \/>Tilaajan tiedot<br \/>Haluatko palauttaa vai vaihtaa tuotteen. Rahojen palautusta varten tarvitsemme tilinumeron.<\/p>\n<p>Reklamaatio: Jos toimitettu tuote on vioittunut, ota pikimmiten meihin yhteytt\u00e4.<\/p>\n<h3>8. Lunastamaton paketti<\/h3>\n<p>Lunastamatta j\u00e4tt\u00e4minen ei ole sama asia kuin palautus. Lunastamatta j\u00e4tetyst\u00e4 paketista perimme meille aiheutuneet kulut<\/p>\n<h3>9. Muut ehdot<\/h3>\n<p>Emme ole vastuussa toimituksen estymisest\u00e4, vaikeutumisesta tai my\u00f6h\u00e4stymisest\u00e4 emmek\u00e4 tietoliikenneverkkojen toimimattomuudesta ja pid\u00e4t\u00e4mme oikeuden kaupan perumiseen, mik\u00e4li tilauksessa on tapahtunut merkitt\u00e4v\u00e4 virhe, kuten merkitt\u00e4v\u00e4 poikkeama tuotteen myyntihinnassa.<\/p>\n<p>\u00a0<\/p><\/p>\n","protected":false},"excerpt":{"rendered":"<p>1. Tilaaminen Peililampi ky myy tuotteita t\u00e4ysi-ik\u00e4isille yksityishenkil\u00f6ille Suomeen. Tuotteet tilataan verkkokaupan kotisivuilla siirt\u00e4m\u00e4ll\u00e4 ne ostoskoriin ja maksamalla ostoskorin sis\u00e4lt\u00f6 kassalla. Asiakastiedot k\u00e4sitell\u00e4\u00e4n luottamuksellisesti. Tilatessaan verkkokaupasta asiakas sitoutuu kulloinkin voimassa oleviin toimitusehtoihin. Onnistuneen tilauksen j\u00e4lkeen s\u00e4hk\u00f6postiisi l\u00e4hetet\u00e4\u00e4n tilausvahvistus. Vahvistusviestien l\u00e4hett\u00e4minen edellytt\u00e4\u00e4 s\u00e4hk\u00f6postiosoitteen antamista tilauksen yhteydess\u00e4. 2. Tuotehinnat Hinnat ovat eurohintoja ja sis\u00e4lt\u00e4v\u00e4t arvonlis\u00e4veron. Tilaukseen lis\u00e4t\u00e4\u00e4n [&hellip;]<\/p>\n","protected":false},"author":1,"featured_media":0,"parent":0,"menu_order":0,"comment_status":"closed","ping_status":"closed","template":"elementor_header_footer","meta":{"_acf_changed":false,"om_disable_all_campaigns":false,"_monsterinsights_skip_tracking":false,"_monsterinsights_sitenote_active":false,"_monsterinsights_sitenote_note":"","_monsterinsights_sitenote_category":0,"_uf_show_specific_survey":0,"_uf_disable_surveys":false,"footnotes":""},"class_list":["post-1761","page","type-page","status-publish","hentry"],"acf":[],"aioseo_notices":[],"_links":{"self":[{"href":"https:\/\/www.peililampi.fi\/index.php\/wp-json\/wp\/v2\/pages\/1761","targetHints":{"allow":["GET"]}}],"collection":[{"href":"https:\/\/www.peililampi.fi\/index.php\/wp-json\/wp\/v2\/pages"}],"about":[{"href":"https:\/\/www.peililampi.fi\/index.php\/wp-json\/wp\/v2\/types\/page"}],"author":[{"embeddable":true,"href":"https:\/\/www.peililampi.fi\/index.php\/wp-json\/wp\/v2\/users\/1"}],"replies":[{"embeddable":true,"href":"https:\/\/www.peililampi.fi\/index.php\/wp-json\/wp\/v2\/comments?post=1761"}],"version-history":[{"count":2,"href":"https:\/\/www.peililampi.fi\/index.php\/wp-json\/wp\/v2\/pages\/1761\/revisions"}],"predecessor-version":[{"id":7399,"href":"https:\/\/www.peililampi.fi\/index.php\/wp-json\/wp\/v2\/pages\/1761\/revisions\/7399"}],"wp:attachment":[{"href":"https:\/\/www.peililampi.fi\/index.php\/wp-json\/wp\/v2\/media?parent=1761"}],"curies":[{"name":"wp","href":"https:\/\/api.w.org\/{rel}","templated":true}]}}